{"id":36590,"date":"2023-01-12T11:36:58","date_gmt":"2023-01-12T09:36:58","guid":{"rendered":"https:\/\/www.radiomarket.fi\/?post_type=product&#038;p=36590"},"modified":"2023-01-12T12:01:23","modified_gmt":"2023-01-12T10:01:23","slug":"virityskaaviokayra-alue-4-nizhegorodsky-lenin-us-1-tai-usp-lentokoneen-hf-vastaanotin","status":"publish","type":"product","link":"https:\/\/www.radiomarket.fi\/en\/kohde\/virityskaaviokayra-alue-4-nizhegorodsky-lenin-us-1-tai-usp-lentokoneen-hf-vastaanotin\/","title":{"rendered":"Virityskaaviok\u00e4yr\u00e4 Alue 4 Nizhegorodsky Lenin US-1 tai USP lentokoneen HF-vastaanotin"},"content":{"rendered":"<p>Liittyy vastaanottimeen EKUM0372 Nizhegorodsky Lenin US-1 tai USP lentokoneen HF-vastaanotin<\/p><p>Mik\u00e4li et l\u00f6yt\u00e4nyt hakemaasi artikkelia, huolto- tai k\u00e4ytt\u00f6ohjetta Radiomarketista, muistathan my\u00f6s Radio- ja Puhelinmuseon arkistopalvelun. Lis\u00e4tietoja materiaalin saatavuudesta ja hinnoittelusta l\u00f6ytyy Pet\u00e4j\u00e4veden Radio- ja Puhelinmuseon verkkosivuilta.<\/p>","protected":false},"excerpt":{"rendered":"<p>Liittyy vastaanottimeen EKUM0372 Nizhegorodsky Lenin US-1 tai USP lentokoneen HF-vastaanotinMik\u00e4li et l\u00f6yt\u00e4nyt hakemaasi artikkelia, huolto- tai k\u00e4ytt\u00f6ohjetta Radiomarketista, muistathan my\u00f6s Radio- ja Puhelinmuseon arkistopalvelun. Lis\u00e4tietoja materiaalin saatavuudesta ja hinnoittelusta l\u00f6ytyy Pet\u00e4j\u00e4veden Radio- ja Puhelinmuseon verkkosivuilta.<\/p>","protected":false},"featured_media":35955,"template":"","meta":[],"_links":{"self":[{"href":"https:\/\/www.radiomarket.fi\/en\/wp-json\/wp\/v2\/product\/36590"}],"collection":[{"href":"https:\/\/www.radiomarket.fi\/en\/wp-json\/wp\/v2\/product"}],"about":[{"href":"https:\/\/www.radiomarket.fi\/en\/wp-json\/wp\/v2\/types\/product"}],"wp:featuredmedia":[{"embeddable":true,"href":"https:\/\/www.radiomarket.fi\/en\/wp-json\/wp\/v2\/media\/35955"}],"wp:attachment":[{"href":"https:\/\/www.radiomarket.fi\/en\/wp-json\/wp\/v2\/media?parent=36590"}],"curies":[{"name":"wp","href":"https:\/\/api.w.org\/{rel}","templated":true}]}}