{"id":36625,"date":"2023-01-12T17:37:10","date_gmt":"2023-01-12T15:37:10","guid":{"rendered":"https:\/\/www.radiomarket.fi\/?post_type=product&#038;p=36625"},"modified":"2023-12-23T16:48:09","modified_gmt":"2023-12-23T14:48:09","slug":"ekum2427-general-electric-rpx-cartridge-kopio","status":"publish","type":"product","link":"https:\/\/www.radiomarket.fi\/en\/kohde\/ekum2427-general-electric-rpx-cartridge-kopio\/","title":{"rendered":"EKUM2427 General Electric RPX? Cartridge"},"content":{"rendered":"<p>Ei tarkempaa tietoa n\u00e4ist\u00e4, vaikuttaisivat olevan RPX-mallia. T\u00e4ss\u00e4 tuotteessa on neulasuojus mukana.<\/p><p>Ei tutkittu tarkemmin, varmistathan tietojen oikeellisuuden myyj\u00e4lt\u00e4.<\/p>","protected":false},"excerpt":{"rendered":"<p>Ei tarkempaa tietoa n\u00e4ist\u00e4, vaikuttaisivat olevan RPX-mallia. T\u00e4ss\u00e4 tuotteessa on neulasuojus mukana.Ei tutkittu tarkemmin, varmistathan tietojen oikeellisuuden myyj\u00e4lt\u00e4.<\/p>","protected":false},"featured_media":36626,"template":"","meta":[],"_links":{"self":[{"href":"https:\/\/www.radiomarket.fi\/en\/wp-json\/wp\/v2\/product\/36625"}],"collection":[{"href":"https:\/\/www.radiomarket.fi\/en\/wp-json\/wp\/v2\/product"}],"about":[{"href":"https:\/\/www.radiomarket.fi\/en\/wp-json\/wp\/v2\/types\/product"}],"wp:featuredmedia":[{"embeddable":true,"href":"https:\/\/www.radiomarket.fi\/en\/wp-json\/wp\/v2\/media\/36626"}],"wp:attachment":[{"href":"https:\/\/www.radiomarket.fi\/en\/wp-json\/wp\/v2\/media?parent=36625"}],"curies":[{"name":"wp","href":"https:\/\/api.w.org\/{rel}","templated":true}]}}