{"id":36638,"date":"2023-01-12T18:18:09","date_gmt":"2023-01-12T16:18:09","guid":{"rendered":"https:\/\/www.radiomarket.fi\/?post_type=product&#038;p=36638"},"modified":"2023-01-12T18:20:22","modified_gmt":"2023-01-12T16:20:22","slug":"ekum2246-grundig-tp-720","status":"publish","type":"product","link":"https:\/\/www.radiomarket.fi\/en\/kohde\/ekum2246-grundig-tp-720\/","title":{"rendered":"EKUM2246 Grundig TP 720"},"content":{"rendered":"<p>Testattu uudella paristolla, toimii ajoittain, n\u00e4pp\u00e4imist\u00f6 ilmeisesti sis\u00e4lt\u00e4 siten tahmaantunut ettei aina ota painallusta, testattu 1\/2023. Paristokotelon luukku erikokoinen kuin TP 621, vaikka n\u00e4ytt\u00e4\u00e4 samalta.<\/p>","protected":false},"excerpt":{"rendered":"<p>Testattu uudella paristolla, toimii ajoittain, n\u00e4pp\u00e4imist\u00f6 ilmeisesti sis\u00e4lt\u00e4 siten tahmaantunut ettei aina ota painallusta, testattu 1\/2023. Paristokotelon luukku erikokoinen kuin TP 621, vaikka n\u00e4ytt\u00e4\u00e4 samalta.<\/p>","protected":false},"featured_media":36636,"template":"","meta":[],"_links":{"self":[{"href":"https:\/\/www.radiomarket.fi\/en\/wp-json\/wp\/v2\/product\/36638"}],"collection":[{"href":"https:\/\/www.radiomarket.fi\/en\/wp-json\/wp\/v2\/product"}],"about":[{"href":"https:\/\/www.radiomarket.fi\/en\/wp-json\/wp\/v2\/types\/product"}],"wp:featuredmedia":[{"embeddable":true,"href":"https:\/\/www.radiomarket.fi\/en\/wp-json\/wp\/v2\/media\/36636"}],"wp:attachment":[{"href":"https:\/\/www.radiomarket.fi\/en\/wp-json\/wp\/v2\/media?parent=36638"}],"curies":[{"name":"wp","href":"https:\/\/api.w.org\/{rel}","templated":true}]}}