{"id":36671,"date":"2023-01-13T12:03:15","date_gmt":"2023-01-13T10:03:15","guid":{"rendered":"https:\/\/www.radiomarket.fi\/?post_type=product&#038;p=36671"},"modified":"2023-01-13T12:06:10","modified_gmt":"2023-01-13T10:06:10","slug":"ekua6118x-asa-698","status":"publish","type":"product","link":"https:\/\/www.radiomarket.fi\/en\/kohde\/ekua6118x-asa-698\/","title":{"rendered":"EKUA6118x Asa 698 (EKUM)"},"content":{"rendered":"<p>Muovia, n\u00e4k\u00f6viritysputken reik\u00e4, n\u00e4k\u00f6viritysputken kehyksen kera. Katso my\u00f6s EKUA6118.<\/p>","protected":false},"excerpt":{"rendered":"<p>Muovia, n\u00e4k\u00f6viritysputken reik\u00e4, n\u00e4k\u00f6viritysputken kehyksen kera. Katso my\u00f6s EKUA6118.<\/p>","protected":false},"featured_media":6965,"template":"","meta":[],"_links":{"self":[{"href":"https:\/\/www.radiomarket.fi\/en\/wp-json\/wp\/v2\/product\/36671"}],"collection":[{"href":"https:\/\/www.radiomarket.fi\/en\/wp-json\/wp\/v2\/product"}],"about":[{"href":"https:\/\/www.radiomarket.fi\/en\/wp-json\/wp\/v2\/types\/product"}],"wp:featuredmedia":[{"embeddable":true,"href":"https:\/\/www.radiomarket.fi\/en\/wp-json\/wp\/v2\/media\/6965"}],"wp:attachment":[{"href":"https:\/\/www.radiomarket.fi\/en\/wp-json\/wp\/v2\/media?parent=36671"}],"curies":[{"name":"wp","href":"https:\/\/api.w.org\/{rel}","templated":true}]}}