{"id":36703,"date":"2023-01-15T07:29:59","date_gmt":"2023-01-15T05:29:59","guid":{"rendered":"https:\/\/www.radiomarket.fi\/?post_type=product&#038;p=36703"},"modified":"2023-01-15T07:31:49","modified_gmt":"2023-01-15T05:31:49","slug":"ekum0808-shinohara-ampeerimittari-0-10-vali-noin-16-mm","status":"publish","type":"product","link":"https:\/\/www.radiomarket.fi\/en\/kohde\/ekum0808-shinohara-ampeerimittari-0-10-vali-noin-16-mm\/","title":{"rendered":"EKUM0808 Shinohara ampeerimittari 0-10 v\u00e4li noin 16 mm"},"content":{"rendered":"<p>Otsikossa mainittu mittatieto on juotospisteiden mitattu v\u00e4li.<br \/><br \/>Lis\u00e4\u00e4 paneelimittareita Radiomarketin tuotekategoriassa &#8220;paneelimittarit&#8221;.<\/p>","protected":false},"excerpt":{"rendered":"<p>Otsikossa mainittu mittatieto on juotospisteiden mitattu v\u00e4li.Lis\u00e4\u00e4 paneelimittareita Radiomarketin tuotekategoriassa &#8220;paneelimittarit&#8221;.<\/p>","protected":false},"featured_media":36704,"template":"","meta":[],"_links":{"self":[{"href":"https:\/\/www.radiomarket.fi\/en\/wp-json\/wp\/v2\/product\/36703"}],"collection":[{"href":"https:\/\/www.radiomarket.fi\/en\/wp-json\/wp\/v2\/product"}],"about":[{"href":"https:\/\/www.radiomarket.fi\/en\/wp-json\/wp\/v2\/types\/product"}],"wp:featuredmedia":[{"embeddable":true,"href":"https:\/\/www.radiomarket.fi\/en\/wp-json\/wp\/v2\/media\/36704"}],"wp:attachment":[{"href":"https:\/\/www.radiomarket.fi\/en\/wp-json\/wp\/v2\/media?parent=36703"}],"curies":[{"name":"wp","href":"https:\/\/api.w.org\/{rel}","templated":true}]}}