{"id":36706,"date":"2023-01-15T07:31:56","date_gmt":"2023-01-15T05:31:56","guid":{"rendered":"https:\/\/www.radiomarket.fi\/?post_type=product&#038;p=36706"},"modified":"2023-01-15T07:33:11","modified_gmt":"2023-01-15T05:33:11","slug":"ekum0809-shinohara-ampeerimittari-0-10-vali-noin-16-mm","status":"publish","type":"product","link":"https:\/\/www.radiomarket.fi\/en\/kohde\/ekum0809-shinohara-ampeerimittari-0-10-vali-noin-16-mm\/","title":{"rendered":"EKUM0809 Shinohara ampeerimittari 0-10 v\u00e4li noin 16 mm"},"content":{"rendered":"<p>Otsikossa mainittu mittatieto on juotospisteiden mitattu v\u00e4li. Saanut l\u00e4mp\u00f6\u00e4, kts. kuva.<br \/><br \/>Lis\u00e4\u00e4 paneelimittareita Radiomarketin tuotekategoriassa &#8220;paneelimittarit&#8221;.<\/p>","protected":false},"excerpt":{"rendered":"<p>Otsikossa mainittu mittatieto on juotospisteiden mitattu v\u00e4li. Saanut l\u00e4mp\u00f6\u00e4, kts. kuva.Lis\u00e4\u00e4 paneelimittareita Radiomarketin tuotekategoriassa &#8220;paneelimittarit&#8221;.<\/p>","protected":false},"featured_media":36707,"template":"","meta":[],"_links":{"self":[{"href":"https:\/\/www.radiomarket.fi\/en\/wp-json\/wp\/v2\/product\/36706"}],"collection":[{"href":"https:\/\/www.radiomarket.fi\/en\/wp-json\/wp\/v2\/product"}],"about":[{"href":"https:\/\/www.radiomarket.fi\/en\/wp-json\/wp\/v2\/types\/product"}],"wp:featuredmedia":[{"embeddable":true,"href":"https:\/\/www.radiomarket.fi\/en\/wp-json\/wp\/v2\/media\/36707"}],"wp:attachment":[{"href":"https:\/\/www.radiomarket.fi\/en\/wp-json\/wp\/v2\/media?parent=36706"}],"curies":[{"name":"wp","href":"https:\/\/api.w.org\/{rel}","templated":true}]}}