{"id":36709,"date":"2023-01-15T07:33:18","date_gmt":"2023-01-15T05:33:18","guid":{"rendered":"https:\/\/www.radiomarket.fi\/?post_type=product&#038;p=36709"},"modified":"2023-01-15T14:06:21","modified_gmt":"2023-01-15T12:06:21","slug":"ekum0810-ampeerimittari-1-3-vali-noin-20-mm-copy","status":"publish","type":"product","link":"https:\/\/www.radiomarket.fi\/en\/kohde\/ekum0810-ampeerimittari-1-3-vali-noin-20-mm-copy\/","title":{"rendered":"EKUM0810 Ampeerimittari 1-3 A for radio frequencies only v\u00e4li noin 20 mm"},"content":{"rendered":"<p>Otsikossa mainittu mittatieto on juotospisteiden mitattu v\u00e4li.<br \/><br \/>Lis\u00e4\u00e4 paneelimittareita Radiomarketin tuotekategoriassa &#8220;paneelimittarit&#8221;.<\/p> Englantilaisesta sotilasradiosta?","protected":false},"excerpt":{"rendered":"<p>Otsikossa mainittu mittatieto on juotospisteiden mitattu v\u00e4li.Lis\u00e4\u00e4 paneelimittareita Radiomarketin tuotekategoriassa &#8220;paneelimittarit&#8221;. Englantilaisesta sotilasradiosta?<\/p>","protected":false},"featured_media":36710,"template":"","meta":[],"_links":{"self":[{"href":"https:\/\/www.radiomarket.fi\/en\/wp-json\/wp\/v2\/product\/36709"}],"collection":[{"href":"https:\/\/www.radiomarket.fi\/en\/wp-json\/wp\/v2\/product"}],"about":[{"href":"https:\/\/www.radiomarket.fi\/en\/wp-json\/wp\/v2\/types\/product"}],"wp:featuredmedia":[{"embeddable":true,"href":"https:\/\/www.radiomarket.fi\/en\/wp-json\/wp\/v2\/media\/36710"}],"wp:attachment":[{"href":"https:\/\/www.radiomarket.fi\/en\/wp-json\/wp\/v2\/media?parent=36709"}],"curies":[{"name":"wp","href":"https:\/\/api.w.org\/{rel}","templated":true}]}}