{"id":36712,"date":"2023-01-15T07:35:38","date_gmt":"2023-01-15T05:35:38","guid":{"rendered":"https:\/\/www.radiomarket.fi\/?post_type=product&#038;p=36712"},"modified":"2023-01-15T14:04:00","modified_gmt":"2023-01-15T12:04:00","slug":"ekum0811-weston-voltmeter-vali-noin-28-mm","status":"publish","type":"product","link":"https:\/\/www.radiomarket.fi\/en\/kohde\/ekum0811-weston-voltmeter-vali-noin-28-mm\/","title":{"rendered":"EKUM0811 Weston Voltmeter Model 301 v\u00e4li noin 28 mm"},"content":{"rendered":"<p>Otsikossa mainittu mittatieto on juotospisteiden mitattu v\u00e4li.<br \/><br \/>Lis\u00e4\u00e4 paneelimittareita Radiomarketin tuotekategoriassa &#8220;paneelimittarit&#8221;.<\/p>","protected":false},"excerpt":{"rendered":"<p>Otsikossa mainittu mittatieto on juotospisteiden mitattu v\u00e4li.Lis\u00e4\u00e4 paneelimittareita Radiomarketin tuotekategoriassa &#8220;paneelimittarit&#8221;.<\/p>","protected":false},"featured_media":36713,"template":"","meta":[],"_links":{"self":[{"href":"https:\/\/www.radiomarket.fi\/en\/wp-json\/wp\/v2\/product\/36712"}],"collection":[{"href":"https:\/\/www.radiomarket.fi\/en\/wp-json\/wp\/v2\/product"}],"about":[{"href":"https:\/\/www.radiomarket.fi\/en\/wp-json\/wp\/v2\/types\/product"}],"wp:featuredmedia":[{"embeddable":true,"href":"https:\/\/www.radiomarket.fi\/en\/wp-json\/wp\/v2\/media\/36713"}],"wp:attachment":[{"href":"https:\/\/www.radiomarket.fi\/en\/wp-json\/wp\/v2\/media?parent=36712"}],"curies":[{"name":"wp","href":"https:\/\/api.w.org\/{rel}","templated":true}]}}