{"id":36715,"date":"2023-01-15T07:39:36","date_gmt":"2023-01-15T05:39:36","guid":{"rendered":"https:\/\/www.radiomarket.fi\/?post_type=product&#038;p=36715"},"modified":"2023-10-25T19:25:11","modified_gmt":"2023-10-25T16:25:11","slug":"ekum0814-philips-asteikkolasi","status":"publish","type":"product","link":"https:\/\/www.radiomarket.fi\/en\/kohde\/ekum0814-philips-asteikkolasi\/","title":{"rendered":"EKUM0814 Philips FX516 81.1 asteikkolasi"},"content":{"rendered":"<p>Asteikkolasi putkiradioon tms.<\/p>","protected":false},"excerpt":{"rendered":"<p>Suosittelemme asteikkolaseille s\u00e4rkyv\u00e4-lis\u00e4palvelua (ostettavissa tuotteena)<\/p>","protected":false},"featured_media":36716,"template":"","meta":[],"_links":{"self":[{"href":"https:\/\/www.radiomarket.fi\/en\/wp-json\/wp\/v2\/product\/36715"}],"collection":[{"href":"https:\/\/www.radiomarket.fi\/en\/wp-json\/wp\/v2\/product"}],"about":[{"href":"https:\/\/www.radiomarket.fi\/en\/wp-json\/wp\/v2\/types\/product"}],"wp:featuredmedia":[{"embeddable":true,"href":"https:\/\/www.radiomarket.fi\/en\/wp-json\/wp\/v2\/media\/36716"}],"wp:attachment":[{"href":"https:\/\/www.radiomarket.fi\/en\/wp-json\/wp\/v2\/media?parent=36715"}],"curies":[{"name":"wp","href":"https:\/\/api.w.org\/{rel}","templated":true}]}}