{"id":36718,"date":"2023-01-15T07:48:43","date_gmt":"2023-01-15T05:48:43","guid":{"rendered":"https:\/\/www.radiomarket.fi\/?post_type=product&#038;p=36718"},"modified":"2023-10-27T16:09:32","modified_gmt":"2023-10-27T13:09:32","slug":"ekum0815-asteikkolasi","status":"publish","type":"product","link":"https:\/\/www.radiomarket.fi\/en\/kohde\/ekum0815-asteikkolasi\/","title":{"rendered":"EKUM0815 Philips 844X? p\u00e4\u00e4lle viistoon sijoitettava asteikkolasi 1940-luku (LARS)"},"content":{"rendered":"<p>Asteikkolasi putkiradioon tms.<\/p>","protected":false},"excerpt":{"rendered":"<p>Suosittelemme asteikkolaseille s\u00e4rkyv\u00e4-lis\u00e4palvelua (ostettavissa tuotteena)<\/p>","protected":false},"featured_media":36719,"template":"","meta":[],"_links":{"self":[{"href":"https:\/\/www.radiomarket.fi\/en\/wp-json\/wp\/v2\/product\/36718"}],"collection":[{"href":"https:\/\/www.radiomarket.fi\/en\/wp-json\/wp\/v2\/product"}],"about":[{"href":"https:\/\/www.radiomarket.fi\/en\/wp-json\/wp\/v2\/types\/product"}],"wp:featuredmedia":[{"embeddable":true,"href":"https:\/\/www.radiomarket.fi\/en\/wp-json\/wp\/v2\/media\/36719"}],"wp:attachment":[{"href":"https:\/\/www.radiomarket.fi\/en\/wp-json\/wp\/v2\/media?parent=36718"}],"curies":[{"name":"wp","href":"https:\/\/api.w.org\/{rel}","templated":true}]}}