{"id":36721,"date":"2023-01-15T07:59:55","date_gmt":"2023-01-15T05:59:55","guid":{"rendered":"https:\/\/www.radiomarket.fi\/?post_type=product&#038;p=36721"},"modified":"2023-01-15T20:21:24","modified_gmt":"2023-01-15T18:21:24","slug":"ekum0816-philips-asteikkopleksi","status":"publish","type":"product","link":"https:\/\/www.radiomarket.fi\/en\/kohde\/ekum0816-philips-asteikkopleksi\/","title":{"rendered":"EKUM0816 Philips asteikkopleksi putkiradioon"},"content":{"rendered":"<p>Asteikko putkiradioon tms. Vaatii puhdistusta.<\/p>","protected":false},"excerpt":{"rendered":"<p>Suosittelemme asteikkolaseille s\u00e4rkyv\u00e4-lis\u00e4palvelua (ostettavissa tuotteena)<\/p>","protected":false},"featured_media":36722,"template":"","meta":[],"_links":{"self":[{"href":"https:\/\/www.radiomarket.fi\/en\/wp-json\/wp\/v2\/product\/36721"}],"collection":[{"href":"https:\/\/www.radiomarket.fi\/en\/wp-json\/wp\/v2\/product"}],"about":[{"href":"https:\/\/www.radiomarket.fi\/en\/wp-json\/wp\/v2\/types\/product"}],"wp:featuredmedia":[{"embeddable":true,"href":"https:\/\/www.radiomarket.fi\/en\/wp-json\/wp\/v2\/media\/36722"}],"wp:attachment":[{"href":"https:\/\/www.radiomarket.fi\/en\/wp-json\/wp\/v2\/media?parent=36721"}],"curies":[{"name":"wp","href":"https:\/\/api.w.org\/{rel}","templated":true}]}}