{"id":36724,"date":"2023-01-15T08:03:42","date_gmt":"2023-01-15T06:03:42","guid":{"rendered":"https:\/\/www.radiomarket.fi\/?post_type=product&#038;p=36724"},"modified":"2023-01-15T08:06:29","modified_gmt":"2023-01-15T06:06:29","slug":"ekum0817-kaiser-asteikkolasi","status":"publish","type":"product","link":"https:\/\/www.radiomarket.fi\/en\/kohde\/ekum0817-kaiser-asteikkolasi\/","title":{"rendered":"EKUM0817 Kaiser UKW 87-100 asteikkolasi"},"content":{"rendered":"<p>Asteikko putkiradioon tms.\u00a0<\/p>","protected":false},"excerpt":{"rendered":"<p>Suosittelemme asteikkolaseille s\u00e4rkyv\u00e4-lis\u00e4palvelua (ostettavissa tuotteena)<\/p>","protected":false},"featured_media":36726,"template":"","meta":[],"_links":{"self":[{"href":"https:\/\/www.radiomarket.fi\/en\/wp-json\/wp\/v2\/product\/36724"}],"collection":[{"href":"https:\/\/www.radiomarket.fi\/en\/wp-json\/wp\/v2\/product"}],"about":[{"href":"https:\/\/www.radiomarket.fi\/en\/wp-json\/wp\/v2\/types\/product"}],"wp:featuredmedia":[{"embeddable":true,"href":"https:\/\/www.radiomarket.fi\/en\/wp-json\/wp\/v2\/media\/36726"}],"wp:attachment":[{"href":"https:\/\/www.radiomarket.fi\/en\/wp-json\/wp\/v2\/media?parent=36724"}],"curies":[{"name":"wp","href":"https:\/\/api.w.org\/{rel}","templated":true}]}}