{"id":36727,"date":"2023-01-15T08:06:34","date_gmt":"2023-01-15T06:06:34","guid":{"rendered":"https:\/\/www.radiomarket.fi\/?post_type=product&#038;p=36727"},"modified":"2023-01-15T20:21:20","modified_gmt":"2023-01-15T18:21:20","slug":"ekum0818-asa-asteikkolasi-putkitus-df81-dl21-1940-luku","status":"publish","type":"product","link":"https:\/\/www.radiomarket.fi\/en\/kohde\/ekum0818-asa-asteikkolasi-putkitus-df81-dl21-1940-luku\/","title":{"rendered":"EKUM0818 ASA asteikkolasi, putkitus DF81 DL21 1940-luku"},"content":{"rendered":"<p>Asteikko putkiradioon tms.\u00a0<\/p>","protected":false},"excerpt":{"rendered":"<p>Suosittelemme asteikkolaseille s\u00e4rkyv\u00e4-lis\u00e4palvelua (ostettavissa tuotteena)<\/p>","protected":false},"featured_media":36728,"template":"","meta":[],"_links":{"self":[{"href":"https:\/\/www.radiomarket.fi\/en\/wp-json\/wp\/v2\/product\/36727"}],"collection":[{"href":"https:\/\/www.radiomarket.fi\/en\/wp-json\/wp\/v2\/product"}],"about":[{"href":"https:\/\/www.radiomarket.fi\/en\/wp-json\/wp\/v2\/types\/product"}],"wp:featuredmedia":[{"embeddable":true,"href":"https:\/\/www.radiomarket.fi\/en\/wp-json\/wp\/v2\/media\/36728"}],"wp:attachment":[{"href":"https:\/\/www.radiomarket.fi\/en\/wp-json\/wp\/v2\/media?parent=36727"}],"curies":[{"name":"wp","href":"https:\/\/api.w.org\/{rel}","templated":true}]}}