{"id":36729,"date":"2023-01-15T08:13:24","date_gmt":"2023-01-15T06:13:24","guid":{"rendered":"https:\/\/www.radiomarket.fi\/?post_type=product&#038;p=36729"},"modified":"2023-01-15T08:16:00","modified_gmt":"2023-01-15T06:16:00","slug":"ekum0819","status":"publish","type":"product","link":"https:\/\/www.radiomarket.fi\/en\/kohde\/ekum0819\/","title":{"rendered":"EKUM0819 asteikkolasi B.Spk"},"content":{"rendered":"<p>Asteikko putkiradioon tms.\u00a0<\/p>","protected":false},"excerpt":{"rendered":"<p>Suosittelemme asteikkolaseille s\u00e4rkyv\u00e4-lis\u00e4palvelua (ostettavissa tuotteena)<\/p>","protected":false},"featured_media":36730,"template":"","meta":[],"_links":{"self":[{"href":"https:\/\/www.radiomarket.fi\/en\/wp-json\/wp\/v2\/product\/36729"}],"collection":[{"href":"https:\/\/www.radiomarket.fi\/en\/wp-json\/wp\/v2\/product"}],"about":[{"href":"https:\/\/www.radiomarket.fi\/en\/wp-json\/wp\/v2\/types\/product"}],"wp:featuredmedia":[{"embeddable":true,"href":"https:\/\/www.radiomarket.fi\/en\/wp-json\/wp\/v2\/media\/36730"}],"wp:attachment":[{"href":"https:\/\/www.radiomarket.fi\/en\/wp-json\/wp\/v2\/media?parent=36729"}],"curies":[{"name":"wp","href":"https:\/\/api.w.org\/{rel}","templated":true}]}}