{"id":36755,"date":"2023-01-15T11:52:34","date_gmt":"2023-01-15T09:52:34","guid":{"rendered":"https:\/\/www.radiomarket.fi\/?post_type=product&#038;p=36755"},"modified":"2023-01-15T11:54:03","modified_gmt":"2023-01-15T09:54:03","slug":"ekum1026-celeston-csardas-563x255mm-takalevy","status":"publish","type":"product","link":"https:\/\/www.radiomarket.fi\/en\/kohde\/ekum1026-celeston-csardas-563x255mm-takalevy\/","title":{"rendered":"EKUM1026 Celeston Csardas 563x255mm takalevy"},"content":{"rendered":"<p>Putkiradion tai muun vastaavan laitteen takalevy. K\u00e4ytetty, purkulaitteesta purettu. Toimitetaan mittojen salliessa kirjeen\u00e4, muutoin postin pakettina. Kirjeen maksimimitat 250 mm x 353 mm x 30 mm. Otsikkorivill\u00e4 ilmoitettu takalevyn mitatut mitat millimetrein\u00e4. Varmistathan tietojen oikeellisuuden myyj\u00e4lt\u00e4.<\/p>","protected":false},"excerpt":{"rendered":"<p>Putkiradion tai muun vastaavan laitteen takalevy. K\u00e4ytetty, purkulaitteesta purettu. Toimitetaan mittojen salliessa kirjeen\u00e4, muutoin postin pakettina. Kirjeen maksimimitat 250 mm x 353 mm x 30 mm. Otsikkorivill\u00e4 ilmoitettu takalevyn mitatut mitat millimetrein\u00e4. Varmistathan tietojen oikeellisuuden myyj\u00e4lt\u00e4.<\/p>","protected":false},"featured_media":36756,"template":"","meta":[],"_links":{"self":[{"href":"https:\/\/www.radiomarket.fi\/en\/wp-json\/wp\/v2\/product\/36755"}],"collection":[{"href":"https:\/\/www.radiomarket.fi\/en\/wp-json\/wp\/v2\/product"}],"about":[{"href":"https:\/\/www.radiomarket.fi\/en\/wp-json\/wp\/v2\/types\/product"}],"wp:featuredmedia":[{"embeddable":true,"href":"https:\/\/www.radiomarket.fi\/en\/wp-json\/wp\/v2\/media\/36756"}],"wp:attachment":[{"href":"https:\/\/www.radiomarket.fi\/en\/wp-json\/wp\/v2\/media?parent=36755"}],"curies":[{"name":"wp","href":"https:\/\/api.w.org\/{rel}","templated":true}]}}