{"id":36774,"date":"2023-01-15T14:31:22","date_gmt":"2023-01-15T12:31:22","guid":{"rendered":"https:\/\/www.radiomarket.fi\/?post_type=product&#038;p=36774"},"modified":"2023-01-15T14:33:33","modified_gmt":"2023-01-15T12:33:33","slug":"ekum1863-heco-logo-25-05","status":"publish","type":"product","link":"https:\/\/www.radiomarket.fi\/en\/kohde\/ekum1863-heco-logo-25-05\/","title":{"rendered":"EKUM1863 HECO logo 2,5 0,5"},"content":{"rendered":"<p>P\u00e4\u00e4osin purkuradioista tai -laitteista irrotettuja logoja. Mik\u00e4li varastosaldossa on useampi kuin 1 kpl, logot myyd\u00e4\u00e4n paremmuusj\u00e4rjestyksess\u00e4. Kirjetoimitus. <br \/><br \/>Lis\u00e4\u00e4 vastaavia tuotteita Radiomarketin &#8220;Logot, kilvet ja merkit&#8221; tuotekategoriassa.<br \/><br \/>Mik\u00e4li ette l\u00f6yd\u00e4 sopivaa logoa irrallisena, voitte ehdottaa meille my\u00f6s logon irrottamista Radiomarketin valikoimassa olevista purkuradioista. Siin\u00e4 tapauksessa teetteh\u00e4n tilauksen s\u00e4hk\u00f6postitse.<\/p><p>&nbsp;<\/p>","protected":false},"excerpt":{"rendered":"<p>P\u00e4\u00e4osin purkuradioista tai -laitteista irrotettuja logoja. Mik\u00e4li varastosaldossa on useampi kuin 1 kpl, logot myyd\u00e4\u00e4n paremmuusj\u00e4rjestyksess\u00e4. Kirjetoimitus. Lis\u00e4\u00e4 vastaavia tuotteita Radiomarketin &#8220;Logot, kilvet ja merkit&#8221; tuotekategoriassa.Mik\u00e4li ette l\u00f6yd\u00e4 sopivaa logoa irrallisena, voitte ehdottaa meille my\u00f6s logon irrottamista Radiomarketin valikoimassa olevista purkuradioista. Siin\u00e4 tapauksessa teetteh\u00e4n tilauksen s\u00e4hk\u00f6postitse.&nbsp;<\/p>","protected":false},"featured_media":36775,"template":"","meta":[],"_links":{"self":[{"href":"https:\/\/www.radiomarket.fi\/en\/wp-json\/wp\/v2\/product\/36774"}],"collection":[{"href":"https:\/\/www.radiomarket.fi\/en\/wp-json\/wp\/v2\/product"}],"about":[{"href":"https:\/\/www.radiomarket.fi\/en\/wp-json\/wp\/v2\/types\/product"}],"wp:featuredmedia":[{"embeddable":true,"href":"https:\/\/www.radiomarket.fi\/en\/wp-json\/wp\/v2\/media\/36775"}],"wp:attachment":[{"href":"https:\/\/www.radiomarket.fi\/en\/wp-json\/wp\/v2\/media?parent=36774"}],"curies":[{"name":"wp","href":"https:\/\/api.w.org\/{rel}","templated":true}]}}