{"id":36809,"date":"2023-01-15T19:55:28","date_gmt":"2023-01-15T17:55:28","guid":{"rendered":"https:\/\/www.radiomarket.fi\/?post_type=product&#038;p=36809"},"modified":"2023-01-15T20:20:36","modified_gmt":"2023-01-15T18:20:36","slug":"ekum0822-philips-asteikkopleksi-putkiradioon","status":"publish","type":"product","link":"https:\/\/www.radiomarket.fi\/en\/kohde\/ekum0822-philips-asteikkopleksi-putkiradioon\/","title":{"rendered":"EKUM0822 Philips asteikkolasi putkiradioon"},"content":{"rendered":"<p>Asteikko putkiradioon tms.\u00a0<\/p>","protected":false},"excerpt":{"rendered":"<p>Suosittelemme asteikkolaseille s\u00e4rkyv\u00e4-lis\u00e4palvelua (ostettavissa tuotteena)<\/p>","protected":false},"featured_media":36810,"template":"","meta":[],"_links":{"self":[{"href":"https:\/\/www.radiomarket.fi\/en\/wp-json\/wp\/v2\/product\/36809"}],"collection":[{"href":"https:\/\/www.radiomarket.fi\/en\/wp-json\/wp\/v2\/product"}],"about":[{"href":"https:\/\/www.radiomarket.fi\/en\/wp-json\/wp\/v2\/types\/product"}],"wp:featuredmedia":[{"embeddable":true,"href":"https:\/\/www.radiomarket.fi\/en\/wp-json\/wp\/v2\/media\/36810"}],"wp:attachment":[{"href":"https:\/\/www.radiomarket.fi\/en\/wp-json\/wp\/v2\/media?parent=36809"}],"curies":[{"name":"wp","href":"https:\/\/api.w.org\/{rel}","templated":true}]}}