{"id":36822,"date":"2023-01-16T16:01:29","date_gmt":"2023-01-16T14:01:29","guid":{"rendered":"https:\/\/www.radiomarket.fi\/?post_type=product&#038;p=36822"},"modified":"2025-07-28T11:41:10","modified_gmt":"2025-07-28T08:41:10","slug":"ekub0366-salausviivain-matolaatikko-vldha-m-42","status":"publish","type":"product","link":"https:\/\/www.radiomarket.fi\/en\/kohde\/ekub0366-salausviivain-matolaatikko-vldha-m-42\/","title":{"rendered":"EKUB0366 salausviivain Matolaatikko  VLDHA m\/42"},"content":{"rendered":"Salakirjoituslaatikko. Maalattu uudelleen Puolustusvoimissa.","protected":false},"excerpt":{"rendered":"<p>Kun k\u00e4yt\u00e4t kertak\u00e4ytt\u00f6ist\u00e4 taulukkoa t\u00e4m\u00e4 salaus on mahdoton purkaa.<\/p>","protected":false},"featured_media":36826,"template":"","meta":[],"_links":{"self":[{"href":"https:\/\/www.radiomarket.fi\/en\/wp-json\/wp\/v2\/product\/36822"}],"collection":[{"href":"https:\/\/www.radiomarket.fi\/en\/wp-json\/wp\/v2\/product"}],"about":[{"href":"https:\/\/www.radiomarket.fi\/en\/wp-json\/wp\/v2\/types\/product"}],"wp:featuredmedia":[{"embeddable":true,"href":"https:\/\/www.radiomarket.fi\/en\/wp-json\/wp\/v2\/media\/36826"}],"wp:attachment":[{"href":"https:\/\/www.radiomarket.fi\/en\/wp-json\/wp\/v2\/media?parent=36822"}],"curies":[{"name":"wp","href":"https:\/\/api.w.org\/{rel}","templated":true}]}}