{"id":36859,"date":"2023-01-17T22:04:06","date_gmt":"2023-01-17T20:04:06","guid":{"rendered":"https:\/\/www.radiomarket.fi\/?post_type=product&#038;p=36859"},"modified":"2023-09-26T21:18:56","modified_gmt":"2023-09-26T18:18:56","slug":"ekub0372-elcaset-audiokasetti-kaytetty-fecr","status":"publish","type":"product","link":"https:\/\/www.radiomarket.fi\/en\/kohde\/ekub0372-elcaset-audiokasetti-kaytetty-fecr\/","title":{"rendered":"EKUB0372 Elcaset audiokasetti k\u00e4ytetty FeCr"},"content":{"rendered":"<p>Nauhoitettu kasetti. Kotelossa oleva nauhan tallennustilan kesto ei v\u00e4ltt\u00e4m\u00e4tt\u00e4 vastaa kotelon merkint\u00f6j\u00e4. Kasetissa ja kotelossa voi olla aiempien omistajien tekemi\u00e4 merkint\u00f6j\u00e4. Ferrokromi-kasetin erottaa tavallisesta rautanauhasta kasetin yl\u00e4kulmissa olevista oransseista muovipaloista. Rautanauhakasetissa vastaavat palat ovat siniset.<\/p>","protected":false},"excerpt":{"rendered":"<p>Tiesitk\u00f6, ett\u00e4 Sonyn luopuessa omasta Elcaset-standardistaan loppuer\u00e4 laitteita myytiin Suomen maahantuojalle.<\/p>","protected":false},"featured_media":36860,"template":"","meta":[],"_links":{"self":[{"href":"https:\/\/www.radiomarket.fi\/en\/wp-json\/wp\/v2\/product\/36859"}],"collection":[{"href":"https:\/\/www.radiomarket.fi\/en\/wp-json\/wp\/v2\/product"}],"about":[{"href":"https:\/\/www.radiomarket.fi\/en\/wp-json\/wp\/v2\/types\/product"}],"wp:featuredmedia":[{"embeddable":true,"href":"https:\/\/www.radiomarket.fi\/en\/wp-json\/wp\/v2\/media\/36860"}],"wp:attachment":[{"href":"https:\/\/www.radiomarket.fi\/en\/wp-json\/wp\/v2\/media?parent=36859"}],"curies":[{"name":"wp","href":"https:\/\/api.w.org\/{rel}","templated":true}]}}