{"id":36863,"date":"2023-01-17T22:12:50","date_gmt":"2023-01-17T20:12:50","guid":{"rendered":"https:\/\/www.radiomarket.fi\/?post_type=product&#038;p=36863"},"modified":"2023-01-19T11:41:34","modified_gmt":"2023-01-19T09:41:34","slug":"ekub0369-elcaset-vialliset-audiokasetit","status":"publish","type":"product","link":"https:\/\/www.radiomarket.fi\/en\/kohde\/ekub0369-elcaset-vialliset-audiokasetit\/","title":{"rendered":"EKUB0369 Elcaset vialliset audiokasetit"},"content":{"rendered":"<p>Nauha poikki. Kotelossa oleva nauhan tallennustilan kesto ei v\u00e4ltt\u00e4m\u00e4tt\u00e4 vastaa kotelon merkint\u00f6j\u00e4. Demonstration tape -kotelossa on tavallinen, viallinen kotinauhoituskasetti. Kasetissa ja kotelossa voi olla aiempien omistajien tekemi\u00e4 merkint\u00f6j\u00e4. Kaksi kasettia, myyd\u00e4\u00e4n yhten\u00e4 tuotteena.<\/p>","protected":false},"excerpt":{"rendered":"<p>Nauha poikki. Kotelossa oleva nauhan tallennustilan kesto ei v\u00e4ltt\u00e4m\u00e4tt\u00e4 vastaa kotelon merkint\u00f6j\u00e4. Demonstration tape -kotelossa on tavallinen, viallinen kotinauhoituskasetti. Kasetissa ja kotelossa voi olla aiempien omistajien tekemi\u00e4 merkint\u00f6j\u00e4. Kaksi kasettia, myyd\u00e4\u00e4n yhten\u00e4 tuotteena.<\/p>","protected":false},"featured_media":36864,"template":"","meta":[],"_links":{"self":[{"href":"https:\/\/www.radiomarket.fi\/en\/wp-json\/wp\/v2\/product\/36863"}],"collection":[{"href":"https:\/\/www.radiomarket.fi\/en\/wp-json\/wp\/v2\/product"}],"about":[{"href":"https:\/\/www.radiomarket.fi\/en\/wp-json\/wp\/v2\/types\/product"}],"wp:featuredmedia":[{"embeddable":true,"href":"https:\/\/www.radiomarket.fi\/en\/wp-json\/wp\/v2\/media\/36864"}],"wp:attachment":[{"href":"https:\/\/www.radiomarket.fi\/en\/wp-json\/wp\/v2\/media?parent=36863"}],"curies":[{"name":"wp","href":"https:\/\/api.w.org\/{rel}","templated":true}]}}