{"id":36874,"date":"2023-01-18T12:17:15","date_gmt":"2023-01-18T10:17:15","guid":{"rendered":"https:\/\/www.radiomarket.fi\/?post_type=product&#038;p=36874"},"modified":"2025-02-27T08:49:44","modified_gmt":"2025-02-27T06:49:44","slug":"ekum2250-tandberg-tcr-221-2","status":"publish","type":"product","link":"https:\/\/www.radiomarket.fi\/en\/kohde\/ekum2250-tandberg-tcr-221-2\/","title":{"rendered":"EKUM2250 Tandberg TCR 221-2"},"content":{"rendered":"<p>Ei testattu, painikkeissa j\u00e4ykkyytt\u00e4. Kaiverrus p\u00e4\u00e4ll\u00e4. P\u00e4\u00e4dyiss\u00e4 ja kulmissa kolhuja, pohjassa kolhuja. Ollut kouluk\u00e4yt\u00f6ss\u00e4. Ei tutkittu tarkemmin.<\/p>","protected":false},"excerpt":{"rendered":"<p>Ei testattu, painikkeissa j\u00e4ykkyytt\u00e4. Kaiverrus p\u00e4\u00e4ll\u00e4. P\u00e4\u00e4dyiss\u00e4 ja kulmissa kolhuja, pohjassa kolhuja. Ollut kouluk\u00e4yt\u00f6ss\u00e4. Ei tutkittu tarkemmin.<\/p>","protected":false},"featured_media":36875,"template":"","meta":[],"_links":{"self":[{"href":"https:\/\/www.radiomarket.fi\/en\/wp-json\/wp\/v2\/product\/36874"}],"collection":[{"href":"https:\/\/www.radiomarket.fi\/en\/wp-json\/wp\/v2\/product"}],"about":[{"href":"https:\/\/www.radiomarket.fi\/en\/wp-json\/wp\/v2\/types\/product"}],"wp:featuredmedia":[{"embeddable":true,"href":"https:\/\/www.radiomarket.fi\/en\/wp-json\/wp\/v2\/media\/36875"}],"wp:attachment":[{"href":"https:\/\/www.radiomarket.fi\/en\/wp-json\/wp\/v2\/media?parent=36874"}],"curies":[{"name":"wp","href":"https:\/\/api.w.org\/{rel}","templated":true}]}}