{"id":37011,"date":"2023-01-19T19:28:52","date_gmt":"2023-01-19T17:28:52","guid":{"rendered":"https:\/\/www.radiomarket.fi\/?post_type=product&#038;p=37011"},"modified":"2023-01-22T14:26:46","modified_gmt":"2023-01-22T12:26:46","slug":"ekub0377-otavan-kirjallinen-aanilevy-viljo-kojo-kertoo","status":"publish","type":"product","link":"https:\/\/www.radiomarket.fi\/en\/kohde\/ekub0377-otavan-kirjallinen-aanilevy-viljo-kojo-kertoo\/","title":{"rendered":"EKUB0377 Viljo Kojo kertoo, Otavan kirjallinen \u00e4\u00e4nilevy no. 10"},"content":{"rendered":"K\u00e4ytetty. Silm\u00e4m\u00e4\u00e4r\u00e4isesti ei vakavia naarmuja, ei koesoitettu. Levykotelon liimaus pett\u00e4nyt.\r\n\r\nKirjailija lukee itse novellejaan.","protected":false},"excerpt":{"rendered":"<p>K\u00e4ytetty. Silm\u00e4m\u00e4\u00e4r\u00e4isesti ei vakavia naarmuja, ei koesoitettu. Levykotelon liimaus pett\u00e4nyt. Kirjailija lukee itse novellejaan.<\/p>","protected":false},"featured_media":37029,"template":"","meta":[],"_links":{"self":[{"href":"https:\/\/www.radiomarket.fi\/en\/wp-json\/wp\/v2\/product\/37011"}],"collection":[{"href":"https:\/\/www.radiomarket.fi\/en\/wp-json\/wp\/v2\/product"}],"about":[{"href":"https:\/\/www.radiomarket.fi\/en\/wp-json\/wp\/v2\/types\/product"}],"wp:featuredmedia":[{"embeddable":true,"href":"https:\/\/www.radiomarket.fi\/en\/wp-json\/wp\/v2\/media\/37029"}],"wp:attachment":[{"href":"https:\/\/www.radiomarket.fi\/en\/wp-json\/wp\/v2\/media?parent=37011"}],"curies":[{"name":"wp","href":"https:\/\/api.w.org\/{rel}","templated":true}]}}