{"id":37017,"date":"2023-01-19T20:03:20","date_gmt":"2023-01-19T18:03:20","guid":{"rendered":"https:\/\/www.radiomarket.fi\/?post_type=product&#038;p=37017"},"modified":"2023-03-08T13:23:06","modified_gmt":"2023-03-08T11:23:06","slug":"ekub0381-sa-tak-85-kivaarin-tukki-nos","status":"publish","type":"product","link":"https:\/\/www.radiomarket.fi\/en\/kohde\/ekub0381-sa-tak-85-kivaarin-tukki-nos\/","title":{"rendered":"EKUB0381 SA TAK-85 kiv\u00e4\u00e4rin tukki NOS"},"content":{"rendered":"Kuin uusi, s\u00e4ilytyksess\u00e4 tulleita v\u00e4h\u00e4isi\u00e4 naarmuja, h\u00e4vinnev\u00e4t tukki\u00f6ljyll\u00e4. Ostettu aikoinaan SA-kaupasta. Oikeak\u00e4tinen muotoilu. Ei koesoitettu.","protected":false},"excerpt":{"rendered":"<p>Mosin-aktioon.<\/p>","protected":false},"featured_media":37036,"template":"","meta":[],"_links":{"self":[{"href":"https:\/\/www.radiomarket.fi\/en\/wp-json\/wp\/v2\/product\/37017"}],"collection":[{"href":"https:\/\/www.radiomarket.fi\/en\/wp-json\/wp\/v2\/product"}],"about":[{"href":"https:\/\/www.radiomarket.fi\/en\/wp-json\/wp\/v2\/types\/product"}],"wp:featuredmedia":[{"embeddable":true,"href":"https:\/\/www.radiomarket.fi\/en\/wp-json\/wp\/v2\/media\/37036"}],"wp:attachment":[{"href":"https:\/\/www.radiomarket.fi\/en\/wp-json\/wp\/v2\/media?parent=37017"}],"curies":[{"name":"wp","href":"https:\/\/api.w.org\/{rel}","templated":true}]}}