{"id":37409,"date":"2023-01-26T09:24:55","date_gmt":"2023-01-26T07:24:55","guid":{"rendered":"https:\/\/www.radiomarket.fi\/?post_type=product&#038;p=37409"},"modified":"2023-01-26T09:26:00","modified_gmt":"2023-01-26T07:26:00","slug":"ekum1057-philips-ad2090-t8-5-cm-7-ohm-kaiutinelementti","status":"publish","type":"product","link":"https:\/\/www.radiomarket.fi\/en\/kohde\/ekum1057-philips-ad2090-t8-5-cm-7-ohm-kaiutinelementti\/","title":{"rendered":"EKUM1057 Philips AD2090\/T8 5 cm 7 Ohm kaiutinelementti"},"content":{"rendered":"<p>P\u00e4\u00e4s\u00e4\u00e4nt\u00f6isesti k\u00e4ytettyj\u00e4 kaiutinelementtej\u00e4. EKUM12 ja EKUM14 -alkuisilla tuotenumeroilla olevat kaiutinelementit, sek\u00e4 sarja EKUM1040-1057 on testattu yleismittarilla ja otsikossa mainittu impedanssi on mitattu. Mitattu impedanssi saattaa poiketa kaiuttimeen merkityst\u00e4 kuvassa n\u00e4kyv\u00e4st\u00e4 impedanssista. Kaiutinelementtej\u00e4 ei ole soittotestattu. Otsikossa mainitut mitat ovat elementin \u00e4\u00e4rimittoja tai halkaisija, tai joissain tapauksissa kaiuttimen kiinnityslevyn mittoja. Varmistathan tietojen oikeellisuuden myyj\u00e4lt\u00e4.<\/p><p>&nbsp;<\/p><p>&nbsp;<\/p>","protected":false},"excerpt":{"rendered":"<p>P\u00e4\u00e4s\u00e4\u00e4nt\u00f6isesti k\u00e4ytettyj\u00e4 kaiutinelementtej\u00e4. EKUM12 ja EKUM14 -alkuisilla tuotenumeroilla olevat kaiutinelementit, sek\u00e4 sarja EKUM1040-1057 on testattu yleismittarilla ja otsikossa mainittu impedanssi on mitattu. Mitattu impedanssi saattaa poiketa kaiuttimeen merkityst\u00e4 kuvassa n\u00e4kyv\u00e4st\u00e4 impedanssista. Kaiutinelementtej\u00e4 ei ole soittotestattu. Otsikossa mainitut mitat ovat elementin \u00e4\u00e4rimittoja tai halkaisija, tai joissain tapauksissa kaiuttimen kiinnityslevyn mittoja. Varmistathan tietojen oikeellisuuden myyj\u00e4lt\u00e4.&nbsp;&nbsp;<\/p>","protected":false},"featured_media":37406,"template":"","meta":[],"_links":{"self":[{"href":"https:\/\/www.radiomarket.fi\/en\/wp-json\/wp\/v2\/product\/37409"}],"collection":[{"href":"https:\/\/www.radiomarket.fi\/en\/wp-json\/wp\/v2\/product"}],"about":[{"href":"https:\/\/www.radiomarket.fi\/en\/wp-json\/wp\/v2\/types\/product"}],"wp:featuredmedia":[{"embeddable":true,"href":"https:\/\/www.radiomarket.fi\/en\/wp-json\/wp\/v2\/media\/37406"}],"wp:attachment":[{"href":"https:\/\/www.radiomarket.fi\/en\/wp-json\/wp\/v2\/media?parent=37409"}],"curies":[{"name":"wp","href":"https:\/\/api.w.org\/{rel}","templated":true}]}}