{"id":37445,"date":"2023-01-27T15:29:56","date_gmt":"2023-01-27T13:29:56","guid":{"rendered":"https:\/\/www.radiomarket.fi\/?post_type=product&#038;p=37445"},"modified":"2023-06-01T15:24:35","modified_gmt":"2023-06-01T12:24:35","slug":"ekub0392-ylipaastosuodin-88-860-mhz-tratec-hpf88","status":"publish","type":"product","link":"https:\/\/www.radiomarket.fi\/en\/kohde\/ekub0392-ylipaastosuodin-88-860-mhz-tratec-hpf88\/","title":{"rendered":"EKUB0392 Ylip\u00e4\u00e4st\u00f6suodin 88-860 MHz Tratec HPF88"},"content":{"rendered":"Leikkaa alueen 0-68 MHz. &gt;45dB, F-liittimet, 75 ohmin kaapelille.","protected":false},"excerpt":{"rendered":"<p>Leikkaa alueen 0-68 MHz. &gt;45dB, F-liittimet, 75 ohmin kaapelille.<\/p>","protected":false},"featured_media":37450,"template":"","meta":[],"_links":{"self":[{"href":"https:\/\/www.radiomarket.fi\/en\/wp-json\/wp\/v2\/product\/37445"}],"collection":[{"href":"https:\/\/www.radiomarket.fi\/en\/wp-json\/wp\/v2\/product"}],"about":[{"href":"https:\/\/www.radiomarket.fi\/en\/wp-json\/wp\/v2\/types\/product"}],"wp:featuredmedia":[{"embeddable":true,"href":"https:\/\/www.radiomarket.fi\/en\/wp-json\/wp\/v2\/media\/37450"}],"wp:attachment":[{"href":"https:\/\/www.radiomarket.fi\/en\/wp-json\/wp\/v2\/media?parent=37445"}],"curies":[{"name":"wp","href":"https:\/\/api.w.org\/{rel}","templated":true}]}}