{"id":37488,"date":"2023-01-30T15:06:54","date_gmt":"2023-01-30T13:06:54","guid":{"rendered":"https:\/\/www.radiomarket.fi\/?post_type=product&#038;p=37488"},"modified":"2024-08-17T17:36:38","modified_gmt":"2024-08-17T14:36:38","slug":"ekub0397-nayttoteline-seisomatyopisteeseen","status":"publish","type":"product","link":"https:\/\/www.radiomarket.fi\/en\/kohde\/ekub0397-nayttoteline-seisomatyopisteeseen\/","title":{"rendered":"EKUB0397 n\u00e4ytt\u00f6teline seisomaty\u00f6pisteeseen"},"content":{"rendered":"<p>K\u00e4ytetty,\u00a0 kahden monitorin jalka. Monitoriteline sairaalak\u00e4yt\u00f6st\u00e4. Py\u00f6r\u00e4t py\u00f6rii, lukot toimii, hyllyt liikkuu, ainut havaittu vika yl\u00e4tason painuminen keskelt\u00e4 n\u00e4ytt\u00f6jen painosta. N\u00e4ytt\u00f6telineen leveys metri, yl\u00e4tason korkeus kuvien ala-asennossa 110 cm, muita mittoja tuotetiedoissa.<\/p>","protected":false},"excerpt":{"rendered":"<p>K\u00e4ytetty,\u00a0 kahden monitorin jalka. Monitoriteline sairaalak\u00e4yt\u00f6st\u00e4. Py\u00f6r\u00e4t py\u00f6rii, lukot toimii, hyllyt liikkuu, ainut havaittu vika yl\u00e4tason painuminen keskelt\u00e4 n\u00e4ytt\u00f6jen painosta. N\u00e4ytt\u00f6telineen leveys metri, yl\u00e4tason korkeus kuvien ala-asennossa 110 cm, muita mittoja tuotetiedoissa.<\/p>","protected":false},"featured_media":37523,"template":"","meta":[],"_links":{"self":[{"href":"https:\/\/www.radiomarket.fi\/en\/wp-json\/wp\/v2\/product\/37488"}],"collection":[{"href":"https:\/\/www.radiomarket.fi\/en\/wp-json\/wp\/v2\/product"}],"about":[{"href":"https:\/\/www.radiomarket.fi\/en\/wp-json\/wp\/v2\/types\/product"}],"wp:featuredmedia":[{"embeddable":true,"href":"https:\/\/www.radiomarket.fi\/en\/wp-json\/wp\/v2\/media\/37523"}],"wp:attachment":[{"href":"https:\/\/www.radiomarket.fi\/en\/wp-json\/wp\/v2\/media?parent=37488"}],"curies":[{"name":"wp","href":"https:\/\/api.w.org\/{rel}","templated":true}]}}