{"id":37593,"date":"2023-02-02T14:04:17","date_gmt":"2023-02-02T12:04:17","guid":{"rendered":"https:\/\/www.radiomarket.fi\/?post_type=product&#038;p=37593"},"modified":"2026-04-15T10:38:02","modified_gmt":"2026-04-15T07:38:02","slug":"ekum2471-diskettikotelo","status":"publish","type":"product","link":"https:\/\/www.radiomarket.fi\/en\/kohde\/ekum2471-diskettikotelo\/","title":{"rendered":"EKUM2471 Diskettikotelo"},"content":{"rendered":"<p>Keskisein\u00e4 puuttuu t\u00e4st\u00e4. Ei v\u00e4liseini\u00e4 mukana.<br \/><br \/><\/p><p>&nbsp;<\/p><p>Katso my\u00f6s EKUM2248.<\/p>","protected":false},"excerpt":{"rendered":"<p>Keskisein\u00e4 puuttuu t\u00e4st\u00e4. Ei v\u00e4liseini\u00e4 mukana.&nbsp;Katso my\u00f6s EKUM2248.<\/p>","protected":false},"featured_media":37599,"template":"","meta":[],"_links":{"self":[{"href":"https:\/\/www.radiomarket.fi\/en\/wp-json\/wp\/v2\/product\/37593"}],"collection":[{"href":"https:\/\/www.radiomarket.fi\/en\/wp-json\/wp\/v2\/product"}],"about":[{"href":"https:\/\/www.radiomarket.fi\/en\/wp-json\/wp\/v2\/types\/product"}],"wp:featuredmedia":[{"embeddable":true,"href":"https:\/\/www.radiomarket.fi\/en\/wp-json\/wp\/v2\/media\/37599"}],"wp:attachment":[{"href":"https:\/\/www.radiomarket.fi\/en\/wp-json\/wp\/v2\/media?parent=37593"}],"curies":[{"name":"wp","href":"https:\/\/api.w.org\/{rel}","templated":true}]}}