{"id":37624,"date":"2023-02-02T15:11:19","date_gmt":"2023-02-02T13:11:19","guid":{"rendered":"https:\/\/www.radiomarket.fi\/?post_type=product&#038;p=37624"},"modified":"2023-02-02T15:35:19","modified_gmt":"2023-02-02T13:35:19","slug":"ekum2472-pioneer-tuntematon-aanivarsi","status":"publish","type":"product","link":"https:\/\/www.radiomarket.fi\/en\/kohde\/ekum2472-pioneer-tuntematon-aanivarsi\/","title":{"rendered":"EKUM2472 Pioneer tuntematon \u00e4\u00e4nivarsi"},"content":{"rendered":"<p>Ei tietoa, mist\u00e4 levysoittimesta. \u00c4\u00e4nirasia on mukana, mutta siin\u00e4k\u00e4\u00e4n ei ole merkint\u00f6j\u00e4.<\/p><p>Ei tutkittu tarkemmin, varmistathan tietojen oikeellisuuden myyj\u00e4lt\u00e4.<\/p>","protected":false},"excerpt":{"rendered":"<p>Ei tietoa, mist\u00e4 levysoittimesta. \u00c4\u00e4nirasia on mukana, mutta siin\u00e4k\u00e4\u00e4n ei ole merkint\u00f6j\u00e4.Ei tutkittu tarkemmin, varmistathan tietojen oikeellisuuden myyj\u00e4lt\u00e4.<\/p>","protected":false},"featured_media":37627,"template":"","meta":[],"_links":{"self":[{"href":"https:\/\/www.radiomarket.fi\/en\/wp-json\/wp\/v2\/product\/37624"}],"collection":[{"href":"https:\/\/www.radiomarket.fi\/en\/wp-json\/wp\/v2\/product"}],"about":[{"href":"https:\/\/www.radiomarket.fi\/en\/wp-json\/wp\/v2\/types\/product"}],"wp:featuredmedia":[{"embeddable":true,"href":"https:\/\/www.radiomarket.fi\/en\/wp-json\/wp\/v2\/media\/37627"}],"wp:attachment":[{"href":"https:\/\/www.radiomarket.fi\/en\/wp-json\/wp\/v2\/media?parent=37624"}],"curies":[{"name":"wp","href":"https:\/\/api.w.org\/{rel}","templated":true}]}}