{"id":37645,"date":"2023-02-02T16:34:33","date_gmt":"2023-02-02T14:34:33","guid":{"rendered":"https:\/\/www.radiomarket.fi\/?post_type=product&#038;p=37645"},"modified":"2024-04-22T08:38:34","modified_gmt":"2024-04-22T05:38:34","slug":"ekum2474-saatokondensaattori-n-350-500-pf-ekum","status":"publish","type":"product","link":"https:\/\/www.radiomarket.fi\/en\/kohde\/ekum2474-saatokondensaattori-n-350-500-pf-ekum\/","title":{"rendered":"EKUM2474 S\u00e4\u00e4t\u00f6kondensaattori n. 350-500 pF (EKUM)"},"content":{"rendered":"<p>Huonokuntoinen, ainoastaan sisempi akseli py\u00f6rii eli vain taaemmat levyt liikkuvat. Toinen pakka on jumissa.<\/p><p>&nbsp;<\/p><p>Esimerkiksi keh\u00e4antennin rakentajalle. Erilaisia, noin 350-500 pF. Eri valmistajia, etup\u00e4\u00e4ss\u00e4 k\u00e4ytettyj\u00e4. Akselin mitta voi vaihdella. P\u00e4\u00e4s\u00e4\u00e4nt\u00f6isesti ei nuppia mukana.<br \/><br \/><\/p><p>&nbsp;<\/p><p>Ei tutkittu tarkemmin.<\/p>","protected":false},"excerpt":{"rendered":"<p>Huonokuntoinen, ainoastaan sisempi akseli py\u00f6rii eli vain taaemmat levyt liikkuvat. Toinen pakka on jumissa.&nbsp;Esimerkiksi keh\u00e4antennin rakentajalle. Erilaisia, noin 350-500 pF. Eri valmistajia, etup\u00e4\u00e4ss\u00e4 k\u00e4ytettyj\u00e4. Akselin mitta voi vaihdella. P\u00e4\u00e4s\u00e4\u00e4nt\u00f6isesti ei nuppia mukana.&nbsp;Ei tutkittu tarkemmin.<\/p>","protected":false},"featured_media":37635,"template":"","meta":[],"_links":{"self":[{"href":"https:\/\/www.radiomarket.fi\/en\/wp-json\/wp\/v2\/product\/37645"}],"collection":[{"href":"https:\/\/www.radiomarket.fi\/en\/wp-json\/wp\/v2\/product"}],"about":[{"href":"https:\/\/www.radiomarket.fi\/en\/wp-json\/wp\/v2\/types\/product"}],"wp:featuredmedia":[{"embeddable":true,"href":"https:\/\/www.radiomarket.fi\/en\/wp-json\/wp\/v2\/media\/37635"}],"wp:attachment":[{"href":"https:\/\/www.radiomarket.fi\/en\/wp-json\/wp\/v2\/media?parent=37645"}],"curies":[{"name":"wp","href":"https:\/\/api.w.org\/{rel}","templated":true}]}}