{"id":37687,"date":"2023-02-03T09:58:10","date_gmt":"2023-02-03T07:58:10","guid":{"rendered":"https:\/\/www.radiomarket.fi\/?post_type=product&#038;p=37687"},"modified":"2023-07-06T15:07:06","modified_gmt":"2023-07-06T12:07:06","slug":"6e1p-nakoviritysputki-ekus","status":"publish","type":"product","link":"https:\/\/www.radiomarket.fi\/en\/kohde\/6e1p-nakoviritysputki-ekus\/","title":{"rendered":"6E1P n\u00e4k\u00f6viritysputki (EKUS)"},"content":{"rendered":"<p>Ven\u00e4l\u00e4inen vastine EM80-putken tilalle. Lasiosaltaan hieman paksumpi ja korkeampi kuin EM80. SRHS:n j\u00e4senille saatavilla erisuuruisia alennuksia, ilmoita j\u00e4senyydest\u00e4si tilauksen yhteydess\u00e4.<br \/><br \/><strong>Saatavuus (p\u00e4ivitetty 20230603)<\/strong><br \/><br \/>J\u00e4ljell\u00e4 en\u00e4\u00e4 yksi kappale<br \/><br \/>Saatavuus voi olla muuttunut annetun p\u00e4iv\u00e4m\u00e4\u00e4r\u00e4n j\u00e4lkeen, putkia myyd\u00e4\u00e4n kivijalkaliikkeest\u00e4 jatkuvasti ja testattuja putkia lis\u00e4t\u00e4\u00e4n hyllyyn.<br \/><br \/>Putkihinnoittelun perusteet ja hinnanmuodostus listahinnasta k\u00e4ytettyjen putkien tullessa kyseeseen l\u00f6ytyy sivuiltamme: https:\/\/radiomuseo.wordpress.com\/varaosa-ja-dokumenttipalvelu\/<\/p>","protected":false},"excerpt":{"rendered":"<p>Ven\u00e4l\u00e4inen vastine EM80-putken tilalle. Lasiosaltaan hieman paksumpi ja korkeampi kuin EM80. SRHS:n j\u00e4senille saatavilla erisuuruisia alennuksia, ilmoita j\u00e4senyydest\u00e4si tilauksen yhteydess\u00e4.Saatavuus (p\u00e4ivitetty 20230603)J\u00e4ljell\u00e4 en\u00e4\u00e4 yksi kappaleSaatavuus voi olla muuttunut annetun p\u00e4iv\u00e4m\u00e4\u00e4r\u00e4n j\u00e4lkeen, putkia myyd\u00e4\u00e4n kivijalkaliikkeest\u00e4 jatkuvasti ja testattuja putkia lis\u00e4t\u00e4\u00e4n hyllyyn.Putkihinnoittelun perusteet ja hinnanmuodostus listahinnasta k\u00e4ytettyjen putkien tullessa kyseeseen l\u00f6ytyy sivuiltamme: https:\/\/radiomuseo.wordpress.com\/varaosa-ja-dokumenttipalvelu\/<\/p>","protected":false},"featured_media":17169,"template":"","meta":[],"_links":{"self":[{"href":"https:\/\/www.radiomarket.fi\/en\/wp-json\/wp\/v2\/product\/37687"}],"collection":[{"href":"https:\/\/www.radiomarket.fi\/en\/wp-json\/wp\/v2\/product"}],"about":[{"href":"https:\/\/www.radiomarket.fi\/en\/wp-json\/wp\/v2\/types\/product"}],"wp:featuredmedia":[{"embeddable":true,"href":"https:\/\/www.radiomarket.fi\/en\/wp-json\/wp\/v2\/media\/17169"}],"wp:attachment":[{"href":"https:\/\/www.radiomarket.fi\/en\/wp-json\/wp\/v2\/media?parent=37687"}],"curies":[{"name":"wp","href":"https:\/\/api.w.org\/{rel}","templated":true}]}}