{"id":37756,"date":"2023-02-08T13:17:50","date_gmt":"2023-02-08T11:17:50","guid":{"rendered":"https:\/\/www.radiomarket.fi\/?post_type=product&#038;p=37756"},"modified":"2023-02-08T15:38:58","modified_gmt":"2023-02-08T13:38:58","slug":"ekum2481-blaupunkt-linz-m26-autoradio-7-644-543-010-ekum","status":"publish","type":"product","link":"https:\/\/www.radiomarket.fi\/en\/kohde\/ekum2481-blaupunkt-linz-m26-autoradio-7-644-543-010-ekum\/","title":{"rendered":"EKUM2481 Blaupunkt Linz M26 autoradio 7 644 543 010 (EKUM)"},"content":{"rendered":"<p>Toimivana poistettu k\u00e4yt\u00f6st\u00e4. N\u00fcrnberg M26 (7 644 544 010) on luultavasti samanlainen autoradio. Vuodelta 1986. T\u00e4m\u00e4 autoradio on alunperin ollut PORSCHE 911 924 944 -malleissa.<\/p><p>&nbsp;<\/p><p>Ei testattu eik\u00e4 tutkittu tarkemmin.<\/p>","protected":false},"excerpt":{"rendered":"<p>Toimivana poistettu k\u00e4yt\u00f6st\u00e4. N\u00fcrnberg M26 (7 644 544 010) on luultavasti samanlainen autoradio. Vuodelta 1986. T\u00e4m\u00e4 autoradio on alunperin ollut PORSCHE 911 924 944 -malleissa.&nbsp;Ei testattu eik\u00e4 tutkittu tarkemmin.<\/p>","protected":false},"featured_media":37718,"template":"","meta":[],"_links":{"self":[{"href":"https:\/\/www.radiomarket.fi\/en\/wp-json\/wp\/v2\/product\/37756"}],"collection":[{"href":"https:\/\/www.radiomarket.fi\/en\/wp-json\/wp\/v2\/product"}],"about":[{"href":"https:\/\/www.radiomarket.fi\/en\/wp-json\/wp\/v2\/types\/product"}],"wp:featuredmedia":[{"embeddable":true,"href":"https:\/\/www.radiomarket.fi\/en\/wp-json\/wp\/v2\/media\/37718"}],"wp:attachment":[{"href":"https:\/\/www.radiomarket.fi\/en\/wp-json\/wp\/v2\/media?parent=37756"}],"curies":[{"name":"wp","href":"https:\/\/api.w.org\/{rel}","templated":true}]}}