{"id":37827,"date":"2023-02-09T16:33:51","date_gmt":"2023-02-09T14:33:51","guid":{"rendered":"https:\/\/www.radiomarket.fi\/?post_type=product&#038;p=37827"},"modified":"2023-02-14T14:48:45","modified_gmt":"2023-02-14T12:48:45","slug":"ekub0402-sbe-shasta-ii-la-puhelin","status":"publish","type":"product","link":"https:\/\/www.radiomarket.fi\/en\/kohde\/ekub0402-sbe-shasta-ii-la-puhelin\/","title":{"rendered":"EKUB0402 SBE Shasta II LA-puhelin"},"content":{"rendered":"Kannettava kolmikanavainen LA-puhelin. Radiopuhelimessa vain kanavan 6 kiteet. Ei antennia, antenniliit\u00e4nt\u00e4 PL-259 &#8220;UHF&#8221; &#8220;Amphenol&#8221;.\r\n\r\nTestattu verkkomuuntajalla PWR-liit\u00e4nn\u00e4st\u00e4: vastaanotto kohisee oikean kuuloisesti. L\u00e4hetin testattu sy\u00f6tt\u00e4m\u00e4ll\u00e4 keinokuormaan, signaalimittari havaitsee l\u00e4hetteen.\r\n\r\nParistokotelon jouset hyv\u00e4t, mutta kontaktipinnat vaativat puhdistusta.\r\n\r\nKaiutinverkossa painaumia ja maalivikaa.","protected":false},"excerpt":{"rendered":"<p>Kannettava kolmikanavainen LA-puhelin. Radiopuhelimessa vain kanavan 6 kiteet. Ei antennia, antenniliit\u00e4nt\u00e4 PL-259 &#8220;UHF&#8221; &#8220;Amphenol&#8221;. Testattu verkkomuuntajalla PWR-liit\u00e4nn\u00e4st\u00e4: vastaanotto kohisee oikean kuuloisesti. L\u00e4hetin testattu sy\u00f6tt\u00e4m\u00e4ll\u00e4 keinokuormaan, signaalimittari havaitsee l\u00e4hetteen. Paristokotelon jouset hyv\u00e4t, mutta kontaktipinnat vaativat puhdistusta. Kaiutinverkossa painaumia ja maalivikaa.<\/p>","protected":false},"featured_media":37828,"template":"","meta":[],"_links":{"self":[{"href":"https:\/\/www.radiomarket.fi\/en\/wp-json\/wp\/v2\/product\/37827"}],"collection":[{"href":"https:\/\/www.radiomarket.fi\/en\/wp-json\/wp\/v2\/product"}],"about":[{"href":"https:\/\/www.radiomarket.fi\/en\/wp-json\/wp\/v2\/types\/product"}],"wp:featuredmedia":[{"embeddable":true,"href":"https:\/\/www.radiomarket.fi\/en\/wp-json\/wp\/v2\/media\/37828"}],"wp:attachment":[{"href":"https:\/\/www.radiomarket.fi\/en\/wp-json\/wp\/v2\/media?parent=37827"}],"curies":[{"name":"wp","href":"https:\/\/api.w.org\/{rel}","templated":true}]}}