{"id":37873,"date":"2023-02-12T11:09:08","date_gmt":"2023-02-12T09:09:08","guid":{"rendered":"https:\/\/www.radiomarket.fi\/?post_type=product&#038;p=37873"},"modified":"2023-02-14T14:31:17","modified_gmt":"2023-02-14T12:31:17","slug":"ekub0401-mocoma-arp-150-kopio","status":"publish","type":"product","link":"https:\/\/www.radiomarket.fi\/en\/kohde\/ekub0401-mocoma-arp-150-kopio\/","title":{"rendered":"EKUB0404 Mocoma ARP 150"},"content":{"rendered":"ARP-radiopuhelin, ei testattu. Antennin huipputulppa puuttuu. T\u00e4m\u00e4 kohde voidaan myyd\u00e4 my\u00f6s varaosina.\r\n\r\nLis\u00e4tietoa radiosta:\r\n\r\nhttps:\/\/oh3tr.fi\/suomi\/moppeakatemia\/arp150.shtml","protected":false},"excerpt":{"rendered":"<p>ARP-radiopuhelin, ei testattu. Antennin huipputulppa puuttuu. T\u00e4m\u00e4 kohde voidaan myyd\u00e4 my\u00f6s varaosina. Lis\u00e4tietoa radiosta: https:\/\/oh3tr.fi\/suomi\/moppeakatemia\/arp150.shtml<\/p>","protected":false},"featured_media":37877,"template":"","meta":[],"_links":{"self":[{"href":"https:\/\/www.radiomarket.fi\/en\/wp-json\/wp\/v2\/product\/37873"}],"collection":[{"href":"https:\/\/www.radiomarket.fi\/en\/wp-json\/wp\/v2\/product"}],"about":[{"href":"https:\/\/www.radiomarket.fi\/en\/wp-json\/wp\/v2\/types\/product"}],"wp:featuredmedia":[{"embeddable":true,"href":"https:\/\/www.radiomarket.fi\/en\/wp-json\/wp\/v2\/media\/37877"}],"wp:attachment":[{"href":"https:\/\/www.radiomarket.fi\/en\/wp-json\/wp\/v2\/media?parent=37873"}],"curies":[{"name":"wp","href":"https:\/\/api.w.org\/{rel}","templated":true}]}}