{"id":37916,"date":"2023-02-15T16:44:13","date_gmt":"2023-02-15T14:44:13","guid":{"rendered":"https:\/\/www.radiomarket.fi\/?post_type=product&#038;p=37916"},"modified":"2023-02-15T16:56:43","modified_gmt":"2023-02-15T14:56:43","slug":"ekum2253-dvd-levyja-erilaisia-musiikkia-elokuvia-tv-sarjoja-ja-peleja","status":"publish","type":"product","link":"https:\/\/www.radiomarket.fi\/en\/kohde\/ekum2253-dvd-levyja-erilaisia-musiikkia-elokuvia-tv-sarjoja-ja-peleja\/","title":{"rendered":"EKUM2253 DVD-levyj\u00e4, erilaisia, musiikkia, elokuvia, tv-sarjoja ja pelej\u00e4"},"content":{"rendered":"<p>Tilaa s\u00e4hk\u00f6postitse haluamasi peli tai levy. P\u00e4\u00e4osin k\u00e4ytettyj\u00e4, mukana my\u00f6s muutama alkuper\u00e4ismuovissa oleva.<br \/><br \/>Sis\u00e4ll\u00f6n vastaavuutta koteloon ei ole tarkistettu. Ainakin Volbeatissa on vain Disc 2 j\u00e4ljell\u00e4.\u00a0 Samoin Queen at Wembley Station vain Disc 2 j\u00e4ljell\u00e4. Queen Greatest Video Hits 1 j\u00e4ljell\u00e4 vain Disc 2.\u00a0<br \/><br \/><strong>Myyty:<\/strong><br \/>Pantera eroteltu omaksi tuotteekseen<br \/>Die Hard 2 (palautuu)<br \/>Elvis eroteltu omaksi tuotteekseen.<br \/><br \/><\/p>","protected":false},"excerpt":{"rendered":"<p>Tilaa s\u00e4hk\u00f6postitse haluamasi peli tai levy. P\u00e4\u00e4osin k\u00e4ytettyj\u00e4, mukana my\u00f6s muutama alkuper\u00e4ismuovissa oleva.Sis\u00e4ll\u00f6n vastaavuutta koteloon ei ole tarkistettu. Ainakin Volbeatissa on vain Disc 2 j\u00e4ljell\u00e4.\u00a0 Samoin Queen at Wembley Station vain Disc 2 j\u00e4ljell\u00e4. Queen Greatest Video Hits 1 j\u00e4ljell\u00e4 vain Disc 2.\u00a0Myyty:Pantera eroteltu omaksi tuotteekseenDie Hard 2 (palautuu)Elvis eroteltu omaksi tuotteekseen.<\/p>","protected":false},"featured_media":37917,"template":"","meta":[],"_links":{"self":[{"href":"https:\/\/www.radiomarket.fi\/en\/wp-json\/wp\/v2\/product\/37916"}],"collection":[{"href":"https:\/\/www.radiomarket.fi\/en\/wp-json\/wp\/v2\/product"}],"about":[{"href":"https:\/\/www.radiomarket.fi\/en\/wp-json\/wp\/v2\/types\/product"}],"wp:featuredmedia":[{"embeddable":true,"href":"https:\/\/www.radiomarket.fi\/en\/wp-json\/wp\/v2\/media\/37917"}],"wp:attachment":[{"href":"https:\/\/www.radiomarket.fi\/en\/wp-json\/wp\/v2\/media?parent=37916"}],"curies":[{"name":"wp","href":"https:\/\/api.w.org\/{rel}","templated":true}]}}