{"id":37938,"date":"2023-02-16T08:56:12","date_gmt":"2023-02-16T06:56:12","guid":{"rendered":"https:\/\/www.radiomarket.fi\/?post_type=product&#038;p=37938"},"modified":"2023-03-22T22:40:30","modified_gmt":"2023-03-22T20:40:30","slug":"ekum0831-suomalainen-asteikkolasi-putkiradioon","status":"publish","type":"product","link":"https:\/\/www.radiomarket.fi\/en\/kohde\/ekum0831-suomalainen-asteikkolasi-putkiradioon\/","title":{"rendered":"EKUM0831 Helvar\/Celeston Stereo asteikkolasi putkiradioon"},"content":{"rendered":"<p>Asteikko putkiradioon.\u00a0<\/p>","protected":false},"excerpt":{"rendered":"<p>Suosittelemme asteikkolaseille s\u00e4rkyv\u00e4-lis\u00e4palvelua (ostettavissa tuotteena)<\/p>","protected":false},"featured_media":37940,"template":"","meta":[],"_links":{"self":[{"href":"https:\/\/www.radiomarket.fi\/en\/wp-json\/wp\/v2\/product\/37938"}],"collection":[{"href":"https:\/\/www.radiomarket.fi\/en\/wp-json\/wp\/v2\/product"}],"about":[{"href":"https:\/\/www.radiomarket.fi\/en\/wp-json\/wp\/v2\/types\/product"}],"wp:featuredmedia":[{"embeddable":true,"href":"https:\/\/www.radiomarket.fi\/en\/wp-json\/wp\/v2\/media\/37940"}],"wp:attachment":[{"href":"https:\/\/www.radiomarket.fi\/en\/wp-json\/wp\/v2\/media?parent=37938"}],"curies":[{"name":"wp","href":"https:\/\/api.w.org\/{rel}","templated":true}]}}