{"id":37949,"date":"2023-02-16T11:19:16","date_gmt":"2023-02-16T09:19:16","guid":{"rendered":"https:\/\/www.radiomarket.fi\/?post_type=product&#038;p=37949"},"modified":"2023-03-22T11:26:55","modified_gmt":"2023-03-22T09:26:55","slug":"ekum2486-pantera-3-vulgar-videos-from-hell","status":"publish","type":"product","link":"https:\/\/www.radiomarket.fi\/en\/kohde\/ekum2486-pantera-3-vulgar-videos-from-hell\/","title":{"rendered":"EKUM2486 Pantera 3 Vulgar Videos From Hell"},"content":{"rendered":"<p>Panteran 2 DVD:n julkaisu, joka sis\u00e4lt\u00e4\u00e4 aikaisempien VHS julkaisujen materiaalit plus kolme livekappaletta vuoden 1991 Monsters in Moscow -konsertista.<\/p><p>&nbsp;<\/p><p>Huom. T\u00e4m\u00e4 julkaisu on NTSC, region 2,3,4,5.<\/p>","protected":false},"excerpt":{"rendered":"<p>Panteran 2 DVD:n julkaisu, joka sis\u00e4lt\u00e4\u00e4 aikaisempien VHS julkaisujen materiaalit plus kolme livekappaletta vuoden 1991 Monsters in Moscow -konsertista.&nbsp;Huom. T\u00e4m\u00e4 julkaisu on NTSC, region 2,3,4,5.<\/p>","protected":false},"featured_media":37954,"template":"","meta":[],"_links":{"self":[{"href":"https:\/\/www.radiomarket.fi\/en\/wp-json\/wp\/v2\/product\/37949"}],"collection":[{"href":"https:\/\/www.radiomarket.fi\/en\/wp-json\/wp\/v2\/product"}],"about":[{"href":"https:\/\/www.radiomarket.fi\/en\/wp-json\/wp\/v2\/types\/product"}],"wp:featuredmedia":[{"embeddable":true,"href":"https:\/\/www.radiomarket.fi\/en\/wp-json\/wp\/v2\/media\/37954"}],"wp:attachment":[{"href":"https:\/\/www.radiomarket.fi\/en\/wp-json\/wp\/v2\/media?parent=37949"}],"curies":[{"name":"wp","href":"https:\/\/api.w.org\/{rel}","templated":true}]}}