{"id":38066,"date":"2023-02-16T18:51:04","date_gmt":"2023-02-16T16:51:04","guid":{"rendered":"https:\/\/www.radiomarket.fi\/?post_type=product&#038;p=38066"},"modified":"2023-03-22T12:07:55","modified_gmt":"2023-03-22T10:07:55","slug":"ekum2488-preh-potentiometrit","status":"publish","type":"product","link":"https:\/\/www.radiomarket.fi\/en\/kohde\/ekum2488-preh-potentiometrit\/","title":{"rendered":"EKUM2488 Preh potentiometrit"},"content":{"rendered":"<p>Osa n\u00e4ist\u00e4 hyvin j\u00e4ykki\u00e4, mutta kaikki liikkuvat. Paperille kirjoitettu potentiometriss\u00e4 lukevat tiedot. Ilmoita numerolla, mink\u00e4 potentiometrin ostat. K\u00e4ytettyj\u00e4, jotkin n\u00e4ist\u00e4 saattavat sopia my\u00f6s kirjetoimituksena.<br \/><br \/>N\u00e4it\u00e4 on k\u00e4ytetty esimerkiksi Voimaradio Oy:n valmistamissa laitteissa.<br \/><br \/>Myyty numerot 4 ja 6.<\/p>","protected":false},"excerpt":{"rendered":"<p>Osa n\u00e4ist\u00e4 hyvin j\u00e4ykki\u00e4, mutta kaikki liikkuvat. Paperille kirjoitettu potentiometriss\u00e4 lukevat tiedot. Ilmoita numerolla, mink\u00e4 potentiometrin ostat. K\u00e4ytettyj\u00e4, jotkin n\u00e4ist\u00e4 saattavat sopia my\u00f6s kirjetoimituksena.N\u00e4it\u00e4 on k\u00e4ytetty esimerkiksi Voimaradio Oy:n valmistamissa laitteissa.Myyty numerot 4 ja 6.<\/p>","protected":false},"featured_media":38256,"template":"","meta":[],"_links":{"self":[{"href":"https:\/\/www.radiomarket.fi\/en\/wp-json\/wp\/v2\/product\/38066"}],"collection":[{"href":"https:\/\/www.radiomarket.fi\/en\/wp-json\/wp\/v2\/product"}],"about":[{"href":"https:\/\/www.radiomarket.fi\/en\/wp-json\/wp\/v2\/types\/product"}],"wp:featuredmedia":[{"embeddable":true,"href":"https:\/\/www.radiomarket.fi\/en\/wp-json\/wp\/v2\/media\/38256"}],"wp:attachment":[{"href":"https:\/\/www.radiomarket.fi\/en\/wp-json\/wp\/v2\/media?parent=38066"}],"curies":[{"name":"wp","href":"https:\/\/api.w.org\/{rel}","templated":true}]}}