{"id":38142,"date":"2023-02-20T22:20:56","date_gmt":"2023-02-20T20:20:56","guid":{"rendered":"https:\/\/www.radiomarket.fi\/?post_type=product&#038;p=38142"},"modified":"2023-02-20T22:22:49","modified_gmt":"2023-02-20T20:22:49","slug":"ekum0812-ampeerimittari-0-4-vali-noin-17-mm","status":"publish","type":"product","link":"https:\/\/www.radiomarket.fi\/en\/kohde\/ekum0812-ampeerimittari-0-4-vali-noin-17-mm\/","title":{"rendered":"EKUM0812 ampeerimittari 0-4 v\u00e4li noin 17 mm"},"content":{"rendered":"<p>Otsikossa mainittu mittatieto on juotospisteiden mitattu v\u00e4li.<br \/><br \/>Lis\u00e4\u00e4 paneelimittareita Radiomarketin tuotekategoriassa &#8220;paneelimittarit&#8221;.<\/p>","protected":false},"excerpt":{"rendered":"<p>Otsikossa mainittu mittatieto on juotospisteiden mitattu v\u00e4li.Lis\u00e4\u00e4 paneelimittareita Radiomarketin tuotekategoriassa &#8220;paneelimittarit&#8221;.<\/p>","protected":false},"featured_media":38143,"template":"","meta":[],"_links":{"self":[{"href":"https:\/\/www.radiomarket.fi\/en\/wp-json\/wp\/v2\/product\/38142"}],"collection":[{"href":"https:\/\/www.radiomarket.fi\/en\/wp-json\/wp\/v2\/product"}],"about":[{"href":"https:\/\/www.radiomarket.fi\/en\/wp-json\/wp\/v2\/types\/product"}],"wp:featuredmedia":[{"embeddable":true,"href":"https:\/\/www.radiomarket.fi\/en\/wp-json\/wp\/v2\/media\/38143"}],"wp:attachment":[{"href":"https:\/\/www.radiomarket.fi\/en\/wp-json\/wp\/v2\/media?parent=38142"}],"curies":[{"name":"wp","href":"https:\/\/api.w.org\/{rel}","templated":true}]}}