{"id":38157,"date":"2023-02-20T23:00:16","date_gmt":"2023-02-20T21:00:16","guid":{"rendered":"https:\/\/www.radiomarket.fi\/?post_type=product&#038;p=38157"},"modified":"2023-07-28T15:48:00","modified_gmt":"2023-07-28T12:48:00","slug":"ekum2261-ericsson-dbhh-1591","status":"publish","type":"product","link":"https:\/\/www.radiomarket.fi\/en\/kohde\/ekum2261-ericsson-dbhh-1591\/","title":{"rendered":"EKUM2261 Ericsson DBHH 1591"},"content":{"rendered":"<p>Luetteloitu kuvan perusteella. Silm\u00e4m\u00e4\u00e4r\u00e4isesti havaittu ainakin kuvassa n\u00e4kyv\u00e4 lohkeama. Tarkempia kuvia, tietoja ja hinta pyydett\u00e4ess\u00e4.<br \/><br \/><br \/><\/p>","protected":false},"excerpt":{"rendered":"<p>Luetteloitu kuvan perusteella. Silm\u00e4m\u00e4\u00e4r\u00e4isesti havaittu ainakin kuvassa n\u00e4kyv\u00e4 lohkeama. Tarkempia kuvia, tietoja ja hinta pyydett\u00e4ess\u00e4.<\/p>","protected":false},"featured_media":38160,"template":"","meta":[],"_links":{"self":[{"href":"https:\/\/www.radiomarket.fi\/en\/wp-json\/wp\/v2\/product\/38157"}],"collection":[{"href":"https:\/\/www.radiomarket.fi\/en\/wp-json\/wp\/v2\/product"}],"about":[{"href":"https:\/\/www.radiomarket.fi\/en\/wp-json\/wp\/v2\/types\/product"}],"wp:featuredmedia":[{"embeddable":true,"href":"https:\/\/www.radiomarket.fi\/en\/wp-json\/wp\/v2\/media\/38160"}],"wp:attachment":[{"href":"https:\/\/www.radiomarket.fi\/en\/wp-json\/wp\/v2\/media?parent=38157"}],"curies":[{"name":"wp","href":"https:\/\/api.w.org\/{rel}","templated":true}]}}