{"id":38167,"date":"2025-07-13T12:20:25","date_gmt":"2025-07-13T09:20:25","guid":{"rendered":"https:\/\/www.radiomarket.fi\/?post_type=product&#038;p=38167"},"modified":"2025-07-13T14:09:35","modified_gmt":"2025-07-13T11:09:35","slug":"ekum2262-puhelinlaite","status":"publish","type":"product","link":"https:\/\/www.radiomarket.fi\/en\/kohde\/ekum2262-puhelinlaite\/","title":{"rendered":"EKUM2262 puhelinkeskuslaite purettu, osia j\u00e4ljell\u00e4"},"content":{"rendered":"<p>Puuosat myyty. Hinta suoraan kaiken ilman puuosia ostettaessa. Vain yksi valintalevyist\u00e4 py\u00f6rii kunnolla. Ilmeisesti puhelinmiesten testilaitteeksi kokoama vanhoista keskusosista. Harvinaiset taljapainot erikoispitkille liitosjohdoille. <br \/><br \/><br \/><\/p>","protected":false},"excerpt":{"rendered":"<p>Puuosat myyty. Hinta suoraan kaiken ilman puuosia ostettaessa. Vain yksi valintalevyist\u00e4 py\u00f6rii kunnolla. Ilmeisesti puhelinmiesten testilaitteeksi kokoama vanhoista keskusosista. Harvinaiset taljapainot erikoispitkille liitosjohdoille.<\/p>","protected":false},"featured_media":38350,"template":"","meta":[],"_links":{"self":[{"href":"https:\/\/www.radiomarket.fi\/en\/wp-json\/wp\/v2\/product\/38167"}],"collection":[{"href":"https:\/\/www.radiomarket.fi\/en\/wp-json\/wp\/v2\/product"}],"about":[{"href":"https:\/\/www.radiomarket.fi\/en\/wp-json\/wp\/v2\/types\/product"}],"wp:featuredmedia":[{"embeddable":true,"href":"https:\/\/www.radiomarket.fi\/en\/wp-json\/wp\/v2\/media\/38350"}],"wp:attachment":[{"href":"https:\/\/www.radiomarket.fi\/en\/wp-json\/wp\/v2\/media?parent=38167"}],"curies":[{"name":"wp","href":"https:\/\/api.w.org\/{rel}","templated":true}]}}