{"id":38299,"date":"2024-04-18T08:55:02","date_gmt":"2024-04-18T05:55:02","guid":{"rendered":"https:\/\/www.radiomarket.fi\/?post_type=product&#038;p=38299"},"modified":"2025-07-02T12:54:09","modified_gmt":"2025-07-02T09:54:09","slug":"rompepaivapaketti-1-hengen-huoneessa-museolla-24-25-5-2024","status":"publish","type":"product","link":"https:\/\/www.radiomarket.fi\/en\/kohde\/rompepaivapaketti-1-hengen-huoneessa-museolla-24-25-5-2024\/","title":{"rendered":"Rompey\u00f6 4.-5.7.2025 1 hengen huoneessa museolla"},"content":{"rendered":"<p>Yksi s\u00e4nky pedattuna valmiiksi, WC:t, suihku ja minikeitti\u00f6 omille ev\u00e4ille k\u00e4ytett\u00e4viss\u00e4 yhteistiloissa. Huoneiden kalustus vaihtelee, esimerkkikuva. Huone on k\u00e4ytett\u00e4viss\u00e4 perjantaiaamusta lauantai-iltap\u00e4iv\u00e4\u00e4n, edullisen lis\u00e4y\u00f6n voi varata s\u00e4hk\u00f6postitse Radiomarketista. MUUTOKSET VARAUKSEEN: lis\u00e4vuoteet ja muut toiveet pyrit\u00e4\u00e4n t\u00e4ytt\u00e4m\u00e4\u00e4n 1.7. saakka, ota yhteytt\u00e4 radiomarkettiin. PERUUTUSEHTO: Maksetun varauksen viimeinen peruutusp\u00e4iv\u00e4 on 1.7, sen j\u00e4lkeen tehtyj\u00e4 varauksia ei en\u00e4\u00e4 hyvitet\u00e4.<\/p><p>Lauantaiaamuna mahdollisuus ostaa aamiainen paikan p\u00e4\u00e4ll\u00e4.<\/p>","protected":false},"excerpt":{"rendered":"<p>Rompep\u00e4iv\u00e4, vuotuinen antiikki- ja vintage-elektroniikan kirpputoritapahtuma j\u00e4rjestet\u00e4\u00e4n Pet\u00e4j\u00e4veden Radio- ja Puhelinmuseon piha-alueella ja puutarhassa lauantaina 4.7.2025 kello 9-16. Lauantaina kirpputoritapahtuma alkaa kello 9 ja p\u00e4\u00e4ttyy kello 16 aikoihin. Myyntipaikat jaetaan saapumisj\u00e4rjestyksess\u00e4, paikan hinta 15,-, museoyhdistyksen j\u00e4senille ilmainen.<\/p>","protected":false},"featured_media":38276,"template":"","meta":[],"_links":{"self":[{"href":"https:\/\/www.radiomarket.fi\/en\/wp-json\/wp\/v2\/product\/38299"}],"collection":[{"href":"https:\/\/www.radiomarket.fi\/en\/wp-json\/wp\/v2\/product"}],"about":[{"href":"https:\/\/www.radiomarket.fi\/en\/wp-json\/wp\/v2\/types\/product"}],"wp:featuredmedia":[{"embeddable":true,"href":"https:\/\/www.radiomarket.fi\/en\/wp-json\/wp\/v2\/media\/38276"}],"wp:attachment":[{"href":"https:\/\/www.radiomarket.fi\/en\/wp-json\/wp\/v2\/media?parent=38299"}],"curies":[{"name":"wp","href":"https:\/\/api.w.org\/{rel}","templated":true}]}}