{"id":38306,"date":"2023-02-24T16:55:22","date_gmt":"2023-02-24T14:55:22","guid":{"rendered":"https:\/\/www.radiomarket.fi\/?post_type=product&#038;p=38306"},"modified":"2023-02-24T21:49:18","modified_gmt":"2023-02-24T19:49:18","slug":"ekub0415-tvn-seinateline","status":"publish","type":"product","link":"https:\/\/www.radiomarket.fi\/en\/kohde\/ekub0415-tvn-seinateline\/","title":{"rendered":"EKUB0415 l\u00e4tty-TV:n sein\u00e4teline"},"content":{"rendered":"K\u00e4ytetty hyv\u00e4kuntoinen sein\u00e4teline n\u00e4yt\u00f6lle tai telkkarille. Ollut sairaalak\u00e4yt\u00f6ss\u00e4 ja kannatellut noin 32 tuuman t\u00f6ll\u00f6tint\u00e4, ik\u00e4\u00e4 toistakymment\u00e4 vuotta eli kantaa nykytelevisiot helpostikin.","protected":false},"excerpt":{"rendered":"<p>K\u00e4ytetty hyv\u00e4kuntoinen sein\u00e4teline n\u00e4yt\u00f6lle tai telkkarille. Ollut sairaalak\u00e4yt\u00f6ss\u00e4 ja kannatellut noin 32 tuuman t\u00f6ll\u00f6tint\u00e4, ik\u00e4\u00e4 toistakymment\u00e4 vuotta eli kantaa nykytelevisiot helpostikin.<\/p>","protected":false},"featured_media":38318,"template":"","meta":[],"_links":{"self":[{"href":"https:\/\/www.radiomarket.fi\/en\/wp-json\/wp\/v2\/product\/38306"}],"collection":[{"href":"https:\/\/www.radiomarket.fi\/en\/wp-json\/wp\/v2\/product"}],"about":[{"href":"https:\/\/www.radiomarket.fi\/en\/wp-json\/wp\/v2\/types\/product"}],"wp:featuredmedia":[{"embeddable":true,"href":"https:\/\/www.radiomarket.fi\/en\/wp-json\/wp\/v2\/media\/38318"}],"wp:attachment":[{"href":"https:\/\/www.radiomarket.fi\/en\/wp-json\/wp\/v2\/media?parent=38306"}],"curies":[{"name":"wp","href":"https:\/\/api.w.org\/{rel}","templated":true}]}}