{"id":38323,"date":"2023-02-26T12:46:10","date_gmt":"2023-02-26T10:46:10","guid":{"rendered":"https:\/\/www.radiomarket.fi\/?post_type=product&#038;p=38323"},"modified":"2023-02-26T12:58:28","modified_gmt":"2023-02-26T10:58:28","slug":"ekun0056-sytytyspuola-osanumero-bosch-1-227-030-071-alfa-romeo-twinspark","status":"publish","type":"product","link":"https:\/\/www.radiomarket.fi\/en\/kohde\/ekun0056-sytytyspuola-osanumero-bosch-1-227-030-071-alfa-romeo-twinspark\/","title":{"rendered":"EKUN0056 Sytytyspuola osanumero Bosch 1 227 030 071 Alfa Romeo Twinspark"},"content":{"rendered":"<p>Toimivina k\u00e4yt\u00f6st\u00e4 poistetut. Kappalehinta. Puolia testattu ristiin.<br \/><br \/>3 kpl Bosch 1 227 030 071 (ilmeisesti alkuper\u00e4isi\u00e4)<br \/>1 kpl Intermotor (joskus ilmeisesti vaihdettu)<br \/><br \/>Purettu autosta Alfa Romeo 156 1.8 T.S., autolla ajettu 231 tkm.<\/p>","protected":false},"excerpt":{"rendered":"<p>Toimivina k\u00e4yt\u00f6st\u00e4 poistetut. Kappalehinta. Puolia testattu ristiin.3 kpl Bosch 1 227 030 071 (ilmeisesti alkuper\u00e4isi\u00e4)1 kpl Intermotor (joskus ilmeisesti vaihdettu)Purettu autosta Alfa Romeo 156 1.8 T.S., autolla ajettu 231 tkm.<\/p>","protected":false},"featured_media":38324,"template":"","meta":[],"_links":{"self":[{"href":"https:\/\/www.radiomarket.fi\/en\/wp-json\/wp\/v2\/product\/38323"}],"collection":[{"href":"https:\/\/www.radiomarket.fi\/en\/wp-json\/wp\/v2\/product"}],"about":[{"href":"https:\/\/www.radiomarket.fi\/en\/wp-json\/wp\/v2\/types\/product"}],"wp:featuredmedia":[{"embeddable":true,"href":"https:\/\/www.radiomarket.fi\/en\/wp-json\/wp\/v2\/media\/38324"}],"wp:attachment":[{"href":"https:\/\/www.radiomarket.fi\/en\/wp-json\/wp\/v2\/media?parent=38323"}],"curies":[{"name":"wp","href":"https:\/\/api.w.org\/{rel}","templated":true}]}}