{"id":38443,"date":"2024-07-05T01:49:56","date_gmt":"2024-07-04T22:49:56","guid":{"rendered":"https:\/\/www.radiomarket.fi\/?post_type=product&#038;p=38443"},"modified":"2024-07-08T12:53:01","modified_gmt":"2024-07-08T09:53:01","slug":"ekum2264-puhelinkeskuksen-testipalli","status":"publish","type":"product","link":"https:\/\/www.radiomarket.fi\/en\/kohde\/ekum2264-puhelinkeskuksen-testipalli\/","title":{"rendered":"EKUM2264 puhelinkeskuksen testipalli purettu"},"content":{"rendered":"<p>Puuosat myyty, muut modulit pakettitoimitus, pisteosille koon puitteissa my\u00f6s kirje. Katso my\u00f6s EKUM2294.<br \/><br \/><br \/><\/p><p>Kannessa vetokytkimet. J\u00e4ljell\u00e4 olevat osat 39,90<\/p>","protected":false},"excerpt":{"rendered":"<p>Puuosat myyty, muut modulit pakettitoimitus, pisteosille koon puitteissa my\u00f6s kirje. Katso my\u00f6s EKUM2294.Kannessa vetokytkimet. J\u00e4ljell\u00e4 olevat osat 39,90<\/p>","protected":false},"featured_media":38447,"template":"","meta":[],"_links":{"self":[{"href":"https:\/\/www.radiomarket.fi\/en\/wp-json\/wp\/v2\/product\/38443"}],"collection":[{"href":"https:\/\/www.radiomarket.fi\/en\/wp-json\/wp\/v2\/product"}],"about":[{"href":"https:\/\/www.radiomarket.fi\/en\/wp-json\/wp\/v2\/types\/product"}],"wp:featuredmedia":[{"embeddable":true,"href":"https:\/\/www.radiomarket.fi\/en\/wp-json\/wp\/v2\/media\/38447"}],"wp:attachment":[{"href":"https:\/\/www.radiomarket.fi\/en\/wp-json\/wp\/v2\/media?parent=38443"}],"curies":[{"name":"wp","href":"https:\/\/api.w.org\/{rel}","templated":true}]}}