{"id":38458,"date":"2023-03-01T10:31:15","date_gmt":"2023-03-01T08:31:15","guid":{"rendered":"https:\/\/www.radiomarket.fi\/?post_type=product&#038;p=38458"},"modified":"2024-10-19T12:36:53","modified_gmt":"2024-10-19T09:36:53","slug":"ekub0425-doro-608","status":"publish","type":"product","link":"https:\/\/www.radiomarket.fi\/en\/kohde\/ekub0425-doro-608\/","title":{"rendered":"EKUB0425 Doro 608"},"content":{"rendered":"<p>K\u00e4yt\u00f6st\u00e4 toimivana poistettu puhelin, ei akkua. Leve\u00e4 latausnastojen v\u00e4li.<\/p>","protected":false},"excerpt":{"rendered":"<p>K\u00e4yt\u00f6st\u00e4 toimivana poistettu puhelin, ei akkua. Leve\u00e4 latausnastojen v\u00e4li.<\/p>","protected":false},"featured_media":38468,"template":"","meta":[],"_links":{"self":[{"href":"https:\/\/www.radiomarket.fi\/en\/wp-json\/wp\/v2\/product\/38458"}],"collection":[{"href":"https:\/\/www.radiomarket.fi\/en\/wp-json\/wp\/v2\/product"}],"about":[{"href":"https:\/\/www.radiomarket.fi\/en\/wp-json\/wp\/v2\/types\/product"}],"wp:featuredmedia":[{"embeddable":true,"href":"https:\/\/www.radiomarket.fi\/en\/wp-json\/wp\/v2\/media\/38468"}],"wp:attachment":[{"href":"https:\/\/www.radiomarket.fi\/en\/wp-json\/wp\/v2\/media?parent=38458"}],"curies":[{"name":"wp","href":"https:\/\/api.w.org\/{rel}","templated":true}]}}