{"id":38459,"date":"2023-03-01T10:39:03","date_gmt":"2023-03-01T08:39:03","guid":{"rendered":"https:\/\/www.radiomarket.fi\/?post_type=product&#038;p=38459"},"modified":"2024-10-17T10:17:16","modified_gmt":"2024-10-17T07:17:16","slug":"ekub0426-doro-6031","status":"publish","type":"product","link":"https:\/\/www.radiomarket.fi\/en\/kohde\/ekub0426-doro-6031\/","title":{"rendered":"EKUB0426 Doro 6031"},"content":{"rendered":"K\u00e4yt\u00f6st\u00e4 toimivana poistettu puhelin, ei akkua. H\u00e4t\u00e4painike.","protected":false},"excerpt":{"rendered":"<p>K\u00e4yt\u00f6st\u00e4 toimivana poistettu puhelin, ei akkua. H\u00e4t\u00e4painike.<\/p>","protected":false},"featured_media":38469,"template":"","meta":[],"_links":{"self":[{"href":"https:\/\/www.radiomarket.fi\/en\/wp-json\/wp\/v2\/product\/38459"}],"collection":[{"href":"https:\/\/www.radiomarket.fi\/en\/wp-json\/wp\/v2\/product"}],"about":[{"href":"https:\/\/www.radiomarket.fi\/en\/wp-json\/wp\/v2\/types\/product"}],"wp:featuredmedia":[{"embeddable":true,"href":"https:\/\/www.radiomarket.fi\/en\/wp-json\/wp\/v2\/media\/38469"}],"wp:attachment":[{"href":"https:\/\/www.radiomarket.fi\/en\/wp-json\/wp\/v2\/media?parent=38459"}],"curies":[{"name":"wp","href":"https:\/\/api.w.org\/{rel}","templated":true}]}}