{"id":38506,"date":"2023-03-07T12:55:24","date_gmt":"2023-03-07T10:55:24","guid":{"rendered":"https:\/\/www.radiomarket.fi\/?post_type=product&#038;p=38506"},"modified":"2023-03-11T21:42:14","modified_gmt":"2023-03-11T19:42:14","slug":"ekub0428-pace-cb-150-la-puhelin-tulossa","status":"publish","type":"product","link":"https:\/\/www.radiomarket.fi\/en\/kohde\/ekub0428-pace-cb-150-la-puhelin-tulossa\/","title":{"rendered":"EKUB0428 Pace CB-150 LA-puhelin"},"content":{"rendered":"Kuulee jotakin kohinaa ja l\u00e4hett\u00e4\u00e4 kentt\u00e4voimakkuusmittarin mukaan jotakin. Mukana yksi kidepari. Teleskooppiantennista j\u00e4ljell\u00e4 alin p\u00e4tk\u00e4, testattu keinokuormalla lis\u00e4antenniliit\u00e4nn\u00e4ss\u00e4. Kokeilussa s\u00e4hk\u00e4 sy\u00f6tetty 12 voltin ulkoisen virtal\u00e4hteen liit\u00e4nt\u00e4\u00e4n. Kuvissa puuttuvat kuoren ruuvit 3 kpl mukana laitteessa.","protected":false},"excerpt":{"rendered":"<p>T\u00e4st\u00e4 laitteesta voidaan my\u00f6s myyd\u00e4 varaosia.<\/p>","protected":false},"featured_media":38665,"template":"","meta":[],"_links":{"self":[{"href":"https:\/\/www.radiomarket.fi\/en\/wp-json\/wp\/v2\/product\/38506"}],"collection":[{"href":"https:\/\/www.radiomarket.fi\/en\/wp-json\/wp\/v2\/product"}],"about":[{"href":"https:\/\/www.radiomarket.fi\/en\/wp-json\/wp\/v2\/types\/product"}],"wp:featuredmedia":[{"embeddable":true,"href":"https:\/\/www.radiomarket.fi\/en\/wp-json\/wp\/v2\/media\/38665"}],"wp:attachment":[{"href":"https:\/\/www.radiomarket.fi\/en\/wp-json\/wp\/v2\/media?parent=38506"}],"curies":[{"name":"wp","href":"https:\/\/api.w.org\/{rel}","templated":true}]}}