{"id":38508,"date":"2023-03-07T13:27:33","date_gmt":"2023-03-07T11:27:33","guid":{"rendered":"https:\/\/www.radiomarket.fi\/?post_type=product&#038;p=38508"},"modified":"2023-03-11T21:47:08","modified_gmt":"2023-03-11T19:47:08","slug":"ekub0430-nokia-5100-series-vaihtokuori-nos-tulossa","status":"publish","type":"product","link":"https:\/\/www.radiomarket.fi\/en\/kohde\/ekub0430-nokia-5100-series-vaihtokuori-nos-tulossa\/","title":{"rendered":"EKUB0430 Nokia 5100 series vaihtokuori NOS"},"content":{"rendered":"N\u00e4ytt\u00e4\u00e4 virheett\u00f6m\u00e4lt\u00e4.","protected":false},"excerpt":{"rendered":"<p>N\u00e4ytt\u00e4\u00e4 virheett\u00f6m\u00e4lt\u00e4.<\/p>","protected":false},"featured_media":38668,"template":"","meta":[],"_links":{"self":[{"href":"https:\/\/www.radiomarket.fi\/en\/wp-json\/wp\/v2\/product\/38508"}],"collection":[{"href":"https:\/\/www.radiomarket.fi\/en\/wp-json\/wp\/v2\/product"}],"about":[{"href":"https:\/\/www.radiomarket.fi\/en\/wp-json\/wp\/v2\/types\/product"}],"wp:featuredmedia":[{"embeddable":true,"href":"https:\/\/www.radiomarket.fi\/en\/wp-json\/wp\/v2\/media\/38668"}],"wp:attachment":[{"href":"https:\/\/www.radiomarket.fi\/en\/wp-json\/wp\/v2\/media?parent=38508"}],"curies":[{"name":"wp","href":"https:\/\/api.w.org\/{rel}","templated":true}]}}