{"id":38538,"date":"2023-03-07T22:07:12","date_gmt":"2023-03-07T20:07:12","guid":{"rendered":"https:\/\/www.radiomarket.fi\/?post_type=product&#038;p=38538"},"modified":"2023-05-14T18:39:21","modified_gmt":"2023-05-14T15:39:21","slug":"ekub0431-8mm-kaitafilmin-paafilmit","status":"publish","type":"product","link":"https:\/\/www.radiomarket.fi\/en\/kohde\/ekub0431-8mm-kaitafilmin-paafilmit\/","title":{"rendered":"EKUB0431 8mm kaitafilmin p\u00e4\u00e4filmit"},"content":{"rendered":"Viisi reilun puolen metrin p\u00e4tk\u00e4\u00e4 valkoista p\u00e4\u00e4tyfilmi\u00e4 ja kaksi lyhyemp\u00e4\u00e4 p\u00e4tk\u00e4\u00e4 mustaa filmi\u00e4.","protected":false},"excerpt":{"rendered":"<p>Viisi reilun puolen metrin p\u00e4tk\u00e4\u00e4 valkoista p\u00e4\u00e4tyfilmi\u00e4 ja kaksi lyhyemp\u00e4\u00e4 p\u00e4tk\u00e4\u00e4 mustaa filmi\u00e4.<\/p>","protected":false},"featured_media":38539,"template":"","meta":[],"_links":{"self":[{"href":"https:\/\/www.radiomarket.fi\/en\/wp-json\/wp\/v2\/product\/38538"}],"collection":[{"href":"https:\/\/www.radiomarket.fi\/en\/wp-json\/wp\/v2\/product"}],"about":[{"href":"https:\/\/www.radiomarket.fi\/en\/wp-json\/wp\/v2\/types\/product"}],"wp:featuredmedia":[{"embeddable":true,"href":"https:\/\/www.radiomarket.fi\/en\/wp-json\/wp\/v2\/media\/38539"}],"wp:attachment":[{"href":"https:\/\/www.radiomarket.fi\/en\/wp-json\/wp\/v2\/media?parent=38538"}],"curies":[{"name":"wp","href":"https:\/\/api.w.org\/{rel}","templated":true}]}}