{"id":38543,"date":"2023-03-07T22:13:47","date_gmt":"2023-03-07T20:13:47","guid":{"rendered":"https:\/\/www.radiomarket.fi\/?post_type=product&#038;p=38543"},"modified":"2024-02-06T12:17:35","modified_gmt":"2024-02-06T10:17:35","slug":"ekum0397-puhelinkeskuksen-lisavalitsin","status":"publish","type":"product","link":"https:\/\/www.radiomarket.fi\/en\/kohde\/ekum0397-puhelinkeskuksen-lisavalitsin\/","title":{"rendered":"EKUM0397 puhelinkeskuksen lis\u00e4valitsin"},"content":{"rendered":"<p>T\u00e4ll\u00e4 voit k\u00e4tev\u00e4sti soittaa k\u00e4siv\u00e4litteisest\u00e4 keskuksesta syk\u00e4ysvalintakeskuksen l\u00e4pi haluamaasi lankapuhelimeen.<\/p>","protected":false},"excerpt":{"rendered":"<p>T\u00e4ll\u00e4 voit k\u00e4tev\u00e4sti soittaa k\u00e4siv\u00e4litteisest\u00e4 keskuksesta syk\u00e4ysvalintakeskuksen l\u00e4pi haluamaasi lankapuhelimeen.<\/p>","protected":false},"featured_media":38544,"template":"","meta":[],"_links":{"self":[{"href":"https:\/\/www.radiomarket.fi\/en\/wp-json\/wp\/v2\/product\/38543"}],"collection":[{"href":"https:\/\/www.radiomarket.fi\/en\/wp-json\/wp\/v2\/product"}],"about":[{"href":"https:\/\/www.radiomarket.fi\/en\/wp-json\/wp\/v2\/types\/product"}],"wp:featuredmedia":[{"embeddable":true,"href":"https:\/\/www.radiomarket.fi\/en\/wp-json\/wp\/v2\/media\/38544"}],"wp:attachment":[{"href":"https:\/\/www.radiomarket.fi\/en\/wp-json\/wp\/v2\/media?parent=38543"}],"curies":[{"name":"wp","href":"https:\/\/api.w.org\/{rel}","templated":true}]}}